{"id":1890,"date":"2026-03-31T20:52:17","date_gmt":"2026-03-31T20:52:17","guid":{"rendered":"https:\/\/salkantay-trail.com\/?page_id=1890"},"modified":"2026-04-02T10:56:28","modified_gmt":"2026-04-02T10:56:28","slug":"uber-uns","status":"publish","type":"page","link":"https:\/\/salkantay-trail.com\/de\/about-us\/","title":{"rendered":"\u00dcber uns"},"content":{"rendered":"<div data-elementor-type=\"wp-page\" data-elementor-id=\"1890\" class=\"elementor elementor-1890\" data-elementor-post-type=\"page\">\n\t\t\t\t<div class=\"elementor-element elementor-element-c76a959 e-con-full e-flex e-con e-parent\" data-id=\"c76a959\" data-element_type=\"container\" data-e-type=\"container\" data-settings=\"{&quot;background_background&quot;:&quot;classic&quot;}\">\n\t\t\t\t<div class=\"elementor-element elementor-element-3ec85ac elementor--h-position-center elementor--v-position-middle elementor-arrows-position-inside elementor-pagination-position-inside elementor-widget elementor-widget-slides\" data-id=\"3ec85ac\" data-element_type=\"widget\" data-e-type=\"widget\" data-settings=\"{&quot;navigation&quot;:&quot;both&quot;,&quot;autoplay&quot;:&quot;yes&quot;,&quot;pause_on_hover&quot;:&quot;yes&quot;,&quot;pause_on_interaction&quot;:&quot;yes&quot;,&quot;autoplay_speed&quot;:5000,&quot;infinite&quot;:&quot;yes&quot;,&quot;transition&quot;:&quot;slide&quot;,&quot;transition_speed&quot;:500}\" data-widget_type=\"slides.default\">\n\t\t\t\t\t\t\t\t\t\t<div class=\"elementor-slides-wrapper elementor-main-swiper swiper\" role=\"region\" aria-roledescription=\"carousel\" aria-label=\"Folien\" dir=\"ltr\" data-animation=\"fadeInUp\">\n\t\t\t\t<div class=\"swiper-wrapper elementor-slides\">\n\t\t\t\t\t\t\t\t\t\t<div class=\"elementor-repeater-item-ea447dc swiper-slide\" role=\"group\" aria-roledescription=\"slide\"><div class=\"swiper-slide-bg\" role=\"img\" aria-label=\"salkantaytrek 001\"><\/div><div class=\"elementor-background-overlay\"><\/div><div class=\"swiper-slide-inner\" ><div class=\"swiper-slide-contents\"><\/div><\/div><\/div>\t\t\t\t<\/div>\n\t\t\t\t\t\t\t<\/div>\n\t\t\t\t\t\t\t\t<\/div>\n\t\t\t\t<div class=\"elementor-element elementor-element-c4138c0 elementor-widget elementor-widget-heading\" data-id=\"c4138c0\" data-element_type=\"widget\" data-e-type=\"widget\" data-widget_type=\"heading.default\">\n\t\t\t\t\t<h2 class=\"elementor-heading-title elementor-size-default\">\u00dcBER UNS<\/h2>\t\t\t\t<\/div>\n\t\t\t\t<\/div>\n\t\t<div class=\"elementor-element elementor-element-48d38de e-con-full e-flex e-con e-parent\" data-id=\"48d38de\" data-element_type=\"container\" data-e-type=\"container\" data-settings=\"{&quot;background_background&quot;:&quot;classic&quot;}\">\n\t\t\t\t<div class=\"elementor-element elementor-element-2014f41 elementor-widget elementor-widget-text-editor\" data-id=\"2014f41\" data-element_type=\"widget\" data-e-type=\"widget\" data-widget_type=\"text-editor.default\">\n\t\t\t\t\t\t\t\t\t<h2 id=\"toc_id_57\" class=\"block_3 text_1\" lang=\"en\">UNSERE GESCHICHTE<\/h2><p class=\"block_4\" lang=\"en\">Salkantay Horizons begann so, wie die meisten guten Dinge in Cusco beginnen: mit einem F\u00fchrer, der den Berg zu gut kannte, um nicht aufzuh\u00f6ren, dar\u00fcber zu reden.<\/p><p class=\"block_4\" lang=\"en\">Unser Gr\u00fcnder wuchs in Cusco auf und verbrachte seine fr\u00fchen Jahre damit, den Wanderweg so kennenzulernen wie die Einheimischen: durch die Beobachtung der Jahreszeiten und Wetterverh\u00e4ltnisse und durch das Wissen, das man nur durch h\u00e4ufiges Begehen derselben Strecke erlangt, um jeden Abschnitt genau zu kennen. Das Unternehmen entstand sp\u00e4ter, basierend auf der einfachen \u00dcberzeugung, dass der Salkantay eine der au\u00dfergew\u00f6hnlichsten Trekkingrouten der Welt ist und dass die meisten Wanderer ein besseres Erlebnis verdienen als die \u00fcberf\u00fcllten und unterfinanzierten Anbieter, die den Markt dominierten.<\/p><p class=\"block_4\"><span lang=\"en\">Salkantay Horizons ist eine spezialisierte Marke innerhalb <\/span><b lang=\"en\">My Peru Destinations Group<\/b><span lang=\"en\">, Salkantay Horizons ist ein in Cusco ans\u00e4ssiges Tourismusunternehmen mit mehreren Reisemarken in Peru, Bolivien und Ecuador. Innerhalb dieses Portfolios konzentriert sich Salkantay Horizons auf eine einzige Trekkingtour: die Salkantay-Route. Wir bieten diese eine Tour an, beherrschen sie perfekt und haben kein Interesse daran, unser Angebot zu erweitern. Jeder Guide in unserem Team kennt diesen Berg wie seine Westentasche. Jedes Detail unserer Logistik wurde \u00fcber Jahre hinweg durch die Durchf\u00fchrung dieser Route in jeder Jahreszeit und bei allen Wetterbedingungen der Anden optimiert. Genau diese Spezialisierung macht unseren Erfolg aus.<\/span><\/p><p class=\"block_4\" lang=\"en\">Die Unterst\u00fctzung der My Peru Destinations Group bedeutet, dass hinter unseren Kleingruppen-Trekkingtouren eine umfassende logistische Infrastruktur steht: eigener Transport, etablierte Partnerschaften mit Unterk\u00fcnften in der gesamten Region, ein engagiertes Einsatzteam in Cusco und die finanzielle Stabilit\u00e4t, die es uns erm\u00f6glicht, ohne Kompromisse in Ausr\u00fcstung, Guide-Schulungen und Servicequalit\u00e4t zu investieren. Wir sind kein Einzelunternehmer, sondern ein professionelles Team mit den Ressourcen eines Konzerns und der Leidenschaft von Menschen, die diesen Berg wirklich lieben.<\/p><p class=\"block_4\" lang=\"en\">Wir haben unseren Sitz in Cusco. Das bedeutet, wir sind weder eine Buchungsplattform noch ein Vermittler oder ein Unternehmen, das von einer Stadt aus betrieben wird, deren Ausgangspunkt man nur per Flugzeug erreichen kann. Wenn Sie uns kontaktieren, sprechen Sie direkt mit Leuten, die die Strecke letzte Woche gegangen sind.<\/p><p lang=\"en\">\u00a0<\/p><hr \/><h2 lang=\"en\">\u00a0<\/h2><h2 id=\"toc_id_58\" class=\"block_3 text_1\" lang=\"en\">UNSER TEAM<\/h2><p class=\"block_4 text_1\" lang=\"en\"><strong>Leitf\u00e4den<\/strong><\/p><p class=\"block_4\" lang=\"en\">Alle Guides von Salkantay Horizons besitzen eine professionelle Zertifizierung der regionalen Tourismusbeh\u00f6rde von Cusco sowie eine g\u00fcltige Erste-Hilfe-Qualifikation f\u00fcr die Wildnis. Neben den formalen Qualifikationen suchen wir nach etwas, das sich schwerer zertifizieren l\u00e4sst: die F\u00e4higkeit, eine Gruppe einzusch\u00e4tzen, in H\u00f6henlagen ruhig zu handeln und die Geschichte und Kultur der Anden so zu vermitteln, dass die Teilnehmer echtes Interesse wecken.<\/p><p class=\"block_4\" lang=\"en\">Die meisten unserer Guides stammen aus Cusco oder aus den D\u00f6rfern entlang der Salkantay-Route. Viele von ihnen begannen ihre Karriere als Tr\u00e4ger, bevor sie sich zu Guides ausbilden lie\u00dfen. Sie kennen den Berg nicht als Ware, sondern als Ort, zu dem sie eine tiefe Verbundenheit sp\u00fcren. Diese Verbundenheit ist auf dem Trail auf eine Weise sp\u00fcrbar, die sich schwer in Worte fassen, aber deutlich f\u00fchlen l\u00e4sst.<\/p><p class=\"block_4\" lang=\"en\">Alle unsere Reiseleiter sind zweisprachig (Englisch und Spanisch). Einige sprechen au\u00dferdem Franz\u00f6sisch, Deutsch oder Portugiesisch. Sollten Sie eine bestimmte Sprache ben\u00f6tigen, teilen Sie uns dies bitte bei der Buchung mit, damit wir den passenden Reiseleiter f\u00fcr Sie finden.<\/p><p class=\"block_4 text_1\" lang=\"en\"><strong>Porters<\/strong><\/p><p class=\"block_4\" lang=\"en\">Unsere Tr\u00e4ger sind einheimische M\u00e4nner aus Mollepata, Soraypampa und den umliegenden D\u00f6rfern. Sie erhalten einen Lohn \u00fcber dem gesetzlichen Mindestlohn, werden mit der notwendigen Ausr\u00fcstung, einschlie\u00dflich K\u00e4lteschutzkleidung und geeignetem Schuhwerk, ausgestattet und erhalten die gleichen Mahlzeiten wie die Trekkinggruppe. Wir halten uns strikt an das peruanische Tr\u00e4gerschutzgesetz und gehen in einigen Punkten sogar dar\u00fcber hinaus.<\/p><p class=\"block_4\" lang=\"en\">Das Tr\u00e4gerteam ist kein unsichtbares Hilfspersonal. Es ist der Grund, warum das Campingerlebnis \u00fcberhaupt funktioniert. Die meisten Trekker entwickeln im Laufe der vier oder f\u00fcnf Tage auf dem Trail eine echte Zuneigung zum Tr\u00e4gerteam, und der Abschied am letzten Morgen in Aguas Calientes ist einer dieser kleinen Momente, die die meisten v\u00f6llig \u00fcberraschen.<\/p><p class=\"block_4 text_1\" lang=\"en\"><strong>K\u00f6che<\/strong><\/p><p class=\"block_4\"><span lang=\"en\">Unsere Trekkingk\u00f6che sind ein stiller Stolz. Das Essen auf einer Salkantay Horizons-Trekkingtour ist nicht mit dem typischen Campessen vergleichbar. Zum Fr\u00fchst\u00fcck gibt es Porridge, Eier, frisches Brot, Obst und hei\u00dfe Getr\u00e4nke. Das Abendessen besteht aus drei G\u00e4ngen und wird in einer Zeltk\u00fcche in gro\u00dfer H\u00f6he auf Gaskochern zubereitet. Dabei werden lokale Zutaten wie Quinoa, Kartoffeln aus dem Andenhochland, frisches Gem\u00fcse vom Markt in Cusco und t\u00e4glich wechselnde Proteine verwendet. <\/span>Alle Ern\u00e4hrungsw\u00fcnsche werden bei vorheriger Absprache ber\u00fccksichtigt.<\/p><p>\u00a0<\/p><hr \/><h2 lang=\"en\">\u00a0<\/h2><h2 id=\"toc_id_59\" class=\"block_3 text_1\" lang=\"en\">WAS UNS AUSZEICHNET<\/h2><p class=\"block_4\"><b lang=\"en\">Wir machen nur Salkantay.<\/b><span lang=\"en\"> Dieses Unternehmen bietet neben Trekkingtouren keine Amazonas-Rundreisen, Tagesausfl\u00fcge ins Heilige Tal oder Stadtf\u00fchrungen an. Wir konzentrieren uns auf eine einzige Route. Die daraus resultierende profunde Ortskenntnis und die hohe Qualit\u00e4t der Logistik sind von einem Generalisten nicht zu erreichen.<\/span><\/p><p class=\"block_4\"><b lang=\"en\">Kleine Gruppen.<\/b><span lang=\"en\"> Unsere maximale Gruppengr\u00f6\u00dfe betr\u00e4gt 12 Personen auf den Campingrouten und 8 Personen auf der Lodgeroute. Diese Zahlen sind nicht willk\u00fcrlich gew\u00e4hlt. Sie gew\u00e4hrleisten, dass das Erlebnis pers\u00f6nlich bleibt, der Guide jedem einzelnen Gruppenmitglied seine volle Aufmerksamkeit widmen kann und der Campingplatz nicht wie ein Festival wirkt. Wir werden diese Grenzen aus kommerziellen Gr\u00fcnden niemals erh\u00f6hen.<\/span><\/p><p class=\"block_4\"><b lang=\"en\">Faire Preise.<\/b><span lang=\"en\"> Der Preis auf unserer Website ist der Endpreis. Eintritt nach Machu Picchu, Zugfahrt, Bus, Verpflegung, Ausr\u00fcstung und 24\/7-Betreuung sind inklusive. Wir arbeiten nicht mit Lockangeboten, bei denen die tats\u00e4chlichen Kosten der Trekkingtour in einer erst nach der Buchung auftauchenden Liste von Zusatzleistungen versteckt sind.<\/span><\/p><p class=\"block_4\"><b lang=\"en\">Echtes lokales Unternehmen.<\/b><span lang=\"en\"> Jeder Sol, der an Salkantay Horizons gezahlt wird, bleibt in Cusco. Unsere Guides, Tr\u00e4ger, K\u00f6che und B\u00fcroangestellten sind alle Einheimische. Unsere Lebensmittel beziehen wir von den M\u00e4rkten in Cusco. Unsere Transporte werden von lokalen Fahrern durchgef\u00fchrt. Dies ist keine Marketingstrategie, sondern entspricht einfach unserer Unternehmensstruktur.<\/span><\/p><p class=\"block_4\"><b lang=\"en\">Starke Unternehmensunterst\u00fctzung, pers\u00f6nlicher Service.<\/b><span lang=\"en\"> Als Teil der My Peru Destinations Group verf\u00fcgen wir \u00fcber Ressourcen, Infrastruktur und operative Erfahrung, die den meisten kleineren Trekkinganbietern fehlen. Das bedeutet bessere Ausr\u00fcstung, zuverl\u00e4ssigere Logistik und ein Support-Team, das rund um die Uhr erreichbar ist. Sollte Ihre Peru-Reise \u00fcber den Salkantay hinausgehen, k\u00f6nnen unsere Schwesterunternehmen innerhalb der Gruppe Luxusreisen, Touren ins Heilige Tal, Freiwilligenprogramme und Rundreisen durch mehrere L\u00e4nder S\u00fcdamerikas im gleichen hohen Standard anbieten, den Sie auch bei uns auf dem Trekkingpfad erleben.<\/span><\/p><p>\u00a0<\/p><hr \/><h2 lang=\"en\">\u00a0<\/h2><h2 id=\"toc_id_60\" class=\"block_3 text_1\" lang=\"en\">UNSER ENGAGEMENT F\u00dcR DEN BERG<\/h2><p class=\"block_4\" lang=\"en\">Der Salkantay ist nicht nur eine Trekkingroute. Er ist eine lebendige Landschaft mit Gemeinschaften, \u00d6kosystemen und einer kulturellen Bedeutung f\u00fcr die Quechua-Bev\u00f6lkerung der Region, die der Tourismusindustrie um mehrere Jahrhunderte vorausging.<\/p><p class=\"block_4\" lang=\"en\">Bei jeder Abreise befolgen wir strikt die \u201eLeave No Trace\u201c-Richtlinien. S\u00e4mtlicher Abfall wird vom Berg mitgenommen. Feuer sind auf Campingpl\u00e4tzen, auf denen keine Feuerstellen vorhanden sind, nicht erlaubt. Wasserquellen werden mit Respekt behandelt. Die Auswahl der Campingpl\u00e4tze beschr\u00e4nkt sich auf bereits ausgewiesene Pl\u00e4tze. Dies sind keine blo\u00dfen Versprechen, sondern betriebliche Vorgaben, in denen jeder Guide und Tr\u00e4ger geschult wird und f\u00fcr deren Einhaltung er verantwortlich ist.<\/p><p class=\"block_4\" lang=\"en\">Wir arbeiten mit den Bauerngemeinden entlang der Route zusammen, beziehen unsere Produkte nach M\u00f6glichkeit aus der Region und weisen Wanderer auf gemeinschaftlich betriebene Einrichtungen in Santa Teresa und Aguas Calientes hin. Mehrere unserer Guides engagieren sich in einem lokalen Naturschutzprojekt, das den Gletscherr\u00fcckgang im Salkantay-Massiv \u00fcberwacht. Der Berg ver\u00e4ndert sich, und wir sind der Ansicht, dass diejenigen, die Besucher dorthin bringen, eine Verantwortung tragen, ihren Beitrag zum Schutz des Gebirges zu leisten.<\/p><p lang=\"en\">\u00a0<\/p><hr \/><h2 lang=\"en\">\u00a0<\/h2><h2 id=\"toc_id_61\" class=\"block_3 text_1\" lang=\"en\">ZERTIFIZIERUNGEN &amp; MITGLIEDSCHAFTEN<\/h2><p class=\"block_4\" lang=\"en\">Salkantay Horizons operiert mit voller Genehmigung der Regionaldirektion f\u00fcr Au\u00dfenhandel und Tourismus von Cusco und erf\u00fcllt als Teil der My Peru Destinations Group alle geltenden peruanischen Vorschriften f\u00fcr Abenteuertourismus. Wir sind registrierte Mitglieder von APAVIT, dem peruanischen Verband der Reise- und Tourismusagenturen.<\/p><p class=\"block_4\" lang=\"en\">Unsere Guides verf\u00fcgen \u00fcber aktuelle Zertifizierungen in Erster Hilfe in der Wildnis und werden j\u00e4hrlich rezertifiziert. Alle Touren werden mit Notfallsauerstoff und einem kompletten Erste-Hilfe-Set durchgef\u00fchrt, und jeder Guide f\u00fchrt auf Routen \u00fcber 4.000 Metern ein Satellitenkommunikationsger\u00e4t mit sich.<\/p><p lang=\"en\">\u00a0<\/p><hr \/><h2 lang=\"en\">\u00a0<\/h2><h2 id=\"toc_id_62\" class=\"block_3 text_1\" lang=\"en\">RICHTLINIE F\u00dcR VERANTWORTUNGSVOLLES REISEN<\/h2><p class=\"block_4\" lang=\"en\">Wir bitten alle Trekkingteilnehmer, vor Reiseantritt unsere Richtlinien f\u00fcr verantwortungsvolles Reisen zu lesen. Diese regeln das Verhalten auf dem Wanderweg, den Umgang mit lokalen Gemeinschaften, die Tier- und Pflanzenwelt, die Abfallentsorgung sowie unsere Erwartungen hinsichtlich kultureller Sensibilit\u00e4t in Machu Picchu und entlang der Route.<\/p><p class=\"block_4\"><span lang=\"en\">Die Kurzfassung: Der Berg war schon vor uns da und wird auch nach uns da sein. <\/span>Gehen Sie entsprechend.<\/p><p>\u00a0<\/p><hr \/><h2 lang=\"en\">\u00a0<\/h2><h2 id=\"toc_id_63\" class=\"block_3 text_1\" lang=\"en\">TEIL MEINER PERU-REISEZIELGRUPPE<\/h2><p class=\"block_4\" lang=\"en\">Salkantay Horizons ist stolz darauf, Mitglied der My Peru Destinations Group zu sein, einem in Cusco ans\u00e4ssigen Tourismuskonzern mit Marken, die Luxusreisen, Abenteuertrekking, Freiwilligenprogramme und Rundreisen durch Peru, Bolivien und Ecuador anbieten. Sollte Ihre Reise \u00fcber den Salkantay hinausgehen, verf\u00fcgt unsere Gruppe \u00fcber die Expertise und die Mitarbeiter, um jeden Teil Ihrer Reise genauso unvergesslich zu gestalten wie die Trekkingtour selbst.<\/p><p class=\"block_4\"><span lang=\"en\">Entdecken Sie die gesamte Gruppe unter <\/span><b lang=\"en\">myperudestinations.com<\/b><\/p><p lang=\"en\">\u00a0<\/p><p class=\"block_18 text_1\" lang=\"en\"><strong>NACHHALTIGKEIT<\/strong><\/p><p class=\"block_4\" lang=\"en\">Wir bei Salkantay Horizons sind \u00fcberzeugt, dass gelungener Tourismus einen Ort besser hinterl\u00e4sst, als er ihn vorgefunden hat. Das ist keine leere Floskel. Es ist der Anspruch, den wir jedes Mal an uns selbst stellen, wenn eine Gruppe den Berg betritt.<\/p><p class=\"block_4\" lang=\"en\">Als Marke der My Peru Destinations Group gehen unsere Nachhaltigkeitsverpflichtungen weit \u00fcber die Wanderwege hinaus. Sie pr\u00e4gen unsere Personalpolitik, unsere Arbeitsweise, unsere Beschaffungsmethoden und die Art und Weise, wie wir die Einnahmen investieren, die von denjenigen generiert werden, die uns ihre Zeit in den Anden anvertrauen.<\/p><p lang=\"en\">\u00a0<\/p><hr \/><p lang=\"en\">\u00a0<\/p><p class=\"block_4 text_1\" lang=\"en\"><strong>Zertifizierung f\u00fcr nachhaltigen Tourismus<\/strong><\/p><p class=\"block_4\" lang=\"en\">Salkantay Horizons arbeitet in voller \u00dcbereinstimmung mit den peruanischen Bestimmungen f\u00fcr Abenteuertourismus und nachhaltiges Reisen. Wir sind registrierte Mitglieder von APAVIT und operieren mit Genehmigung der Regionaldirektion f\u00fcr Au\u00dfenhandel und Tourismus von Cusco. Wir arbeiten aktiv an einer formalen Zertifizierung f\u00fcr nachhaltigen Tourismus und halten uns an die daf\u00fcr erforderlichen Standards, unabh\u00e4ngig vom aktuellen Status. Jede operative Entscheidung, von der Auswahl des Campingplatzes \u00fcber die Bezahlung der Tr\u00e4ger bis hin zum Abfallmanagement, wird vor ihrer Umsetzung anhand dieser Standards gepr\u00fcft.<\/p><p lang=\"en\">\u00a0<\/p><hr \/><p lang=\"en\">\u00a0<\/p><p class=\"block_4 text_1\" lang=\"en\"><strong>Kreislaufwirtschaft<\/strong><\/p><p class=\"block_4\" lang=\"en\">Wir betreiben unseren Betrieb bewusst schlank und effizient. Die Lebensmittel f\u00fcr jede Trekkingtour beziehen wir frisch von den M\u00e4rkten in Cusco, wobei wir lokale Erzeuger bevorzugen und Verpackungen so weit wie m\u00f6glich vermeiden. In unserer Campk\u00fcche verzichten wir auf Einwegplastik. Kochutensilien, Zelte und Ausr\u00fcstung werden gewartet, repariert und wiederverwendet, anstatt sie nach \u00e4sthetischen Gesichtspunkten und nicht nach Funktionalit\u00e4t zu ersetzen. Organische Abf\u00e4lle aus den Campk\u00fcchen werden gem\u00e4\u00df etablierter Kompostierungs- und Entsorgungsrichtlinien behandelt. Nichts wird am Berg verbrannt oder vergraben.<\/p><p class=\"block_4\" lang=\"en\">Unsere Fahrzeuge werden so gewartet, dass Emissionen reduziert werden, und die Routen werden so geplant, dass unn\u00f6tiger Kraftstoffverbrauch minimiert wird. Wenn Wanderer mit dem Zug statt mit dem Auto nach Cusco zur\u00fcckkehren, spiegelt diese Wahl sowohl logistische Effizienz als auch eine geringere Umweltbelastung pro Person im Vergleich zur Stra\u00dfenalternative wider.<\/p><p lang=\"en\">\u00a0<\/p><hr \/><p lang=\"en\">\u00a0<\/p><p class=\"block_4 text_1\" lang=\"en\"><strong>Unterst\u00fctzung lokaler Gemeinschaften<\/strong><\/p><p class=\"block_4\" lang=\"en\">Jeder Sol, den Sie mit Salkantay Horizons verbringen, bleibt in Cusco. Unsere Guides, Tr\u00e4ger, K\u00f6che, Fahrer und unser B\u00fcroteam stammen alle aus der Region. Wir zahlen in allen Positionen \u00fcber dem Mindestlohn, stellen unseren Tr\u00e4gern die notwendige Ausr\u00fcstung zur Verf\u00fcgung und investieren in die berufliche Weiterentwicklung unserer Mitarbeiter, die sich im Unternehmen weiterentwickeln m\u00f6chten.<\/p><p class=\"block_4\" lang=\"en\">Wir weisen unsere Wanderer auf gemeinschaftlich betriebene Betriebe entlang der Route hin, darunter den von der Gemeinde verwalteten Zugang zum Humantay-See, die lokal gef\u00fchrten Thermalquellen in Santa Teresa und die familiengef\u00fchrten Restaurants in den durchquerten Ortschaften. Diese Empfehlungen sind kein Zufall. Sie sind bewusste Entscheidungen, um sicherzustellen, dass der wirtschaftliche Nutzen des Tourismus den Gemeinden in unmittelbarer N\u00e4he des Berges zugutekommt und nicht vollst\u00e4ndig von externen Anbietern abgesch\u00f6pft wird.<\/p><p class=\"block_4\" lang=\"en\">Wir beziehen Kaffee, Kakao und frische Produkte nach M\u00f6glichkeit von Bauernh\u00f6fen im Santa Teresa-Tal und schaffen so eine direkte Lieferbeziehung, die die landwirtschaftlichen Gemeinden entlang des unteren Teils der Route unterst\u00fctzt.<\/p><p lang=\"en\">\u00a0<\/p><hr \/><p lang=\"en\">\u00a0<\/p><p class=\"block_4 text_1\" lang=\"en\"><strong>Gletscherschutz<\/strong><\/p><p class=\"block_4\" lang=\"en\">Der Salkantay-Gletscher schmilzt nachweislich immer schneller. F\u00fcr die Quechua-Gemeinden, die unterhalb des Gletschers leben, ist dies keine zuk\u00fcnftige Gefahr, sondern gegenw\u00e4rtige Realit\u00e4t, die die Wasserversorgung, die landwirtschaftlichen Zyklen und die spirituelle Verbindung zu einem Berg beeintr\u00e4chtigt, der seit Jahrtausenden zentral f\u00fcr das Leben in den Anden ist.<\/p><p class=\"block_4\" lang=\"en\">Wir nehmen dieses Thema aus zwei Gr\u00fcnden sehr ernst. Erstens vermitteln unsere Guides auf jeder Tour fundierte, wissenschaftlich belegte Informationen zum Gletscherr\u00fcckgang. Besucher, die verstehen, was sie sehen, nehmen dieses Wissen eher mit nach Hause und handeln entsprechend als Besucher, die das Eis lediglich ohne Kontext fotografieren.<\/p><p class=\"block_4\" lang=\"en\">Zweitens engagieren sich Mitglieder unseres Guide-Teams in gemeindebasierten Gletscher\u00fcberwachungsprojekten in der Region Cusco. Wir stellen daf\u00fcr Zeit und logistische Ressourcen zur Verf\u00fcgung. Der Berg ist die Grundlage unseres Gesch\u00e4fts. Seine Gesundheit zu \u00fcberwachen, ist das Mindeste, was wir ihm im Gegenzug schulden.<\/p><p lang=\"en\">\u00a0<\/p><hr \/><p lang=\"en\">\u00a0<\/p><p class=\"block_4 text_1\" lang=\"en\"><strong>Umweltbildung auf dem Wanderweg<\/strong><\/p><p class=\"block_4\" lang=\"en\">Jeder Guide von Salkantay Horizons ist darin geschult, Umwelt- und \u00d6kologieinformationen als nat\u00fcrlichen Bestandteil des Trekking-Erlebnisses zu vermitteln. Die Flora- und Fauna-Einf\u00fchrung, die am ersten Tag beginnt, ist kein separates Modul, das dem Trekking nachtr\u00e4glich hinzugef\u00fcgt wurde. Sie ist vielmehr integraler Bestandteil der Landschaftsbeschreibungen unserer Guides \u2013 von der ersten bis zur letzten Stunde auf dem Wanderweg.<\/p><p class=\"block_4\" lang=\"en\">Vor ihrer Abreise werden die Wanderer \u00fcber die Prinzipien von \u201eLeave No Trace\u201c (Keine Spuren hinterlassen), die \u00f6kologische Sensibilit\u00e4t des Routenverlaufs und die kulturelle Bedeutung der heiligen St\u00e4tten, die sie passieren werden, informiert. Ziel ist nicht die blo\u00dfe Einhaltung der Regeln, sondern das Verst\u00e4ndnis. Ein Wanderer, der versteht, warum die Polsterpflanzen auf 4.200 Metern H\u00f6he nur einen Zentimeter pro Jahr wachsen oder was die Opfergaben am Salkantay-Pass f\u00fcr die Quechua-Gemeinschaft bedeuten, wird die Landschaft anders behandeln als jemand, dem lediglich die Regeln erkl\u00e4rt wurden.<\/p><p lang=\"en\">\u00a0<\/p><hr \/><p lang=\"en\">\u00a0<\/p><p class=\"block_4 text_1\" lang=\"en\"><strong>Apu Tui Tun \u2013 Bildung f\u00fcr bed\u00fcrftige Kinder<\/strong><\/p><p class=\"block_4\"><span lang=\"en\">Zu den Projekten, die wir mit besonderem Stolz unterst\u00fctzen, geh\u00f6rt: <\/span><b lang=\"en\">Apu Tui Tun<\/b><span lang=\"en\">, eine Bildungsinitiative f\u00fcr Kinder in benachteiligten Gemeinden der Region Cusco. Das Projekt ist eine Initiative der My Peru Destinations Group und bietet direkte Bildungsf\u00f6rderung f\u00fcr Kinder, die sonst nur eingeschr\u00e4nkten Zugang zu hochwertigen Lernressourcen h\u00e4tten.<\/span><\/p><p class=\"block_4\" lang=\"en\">Der Name Apu Tui Tun dr\u00fcckt dieselbe Ehrfurcht vor den heiligen Gipfeln der Anden aus, die unser gesamtes Handeln in dieser Landschaft pr\u00e4gt. Das Projekt basiert auf der \u00dcberzeugung, dass die Gemeinschaften, die am Fu\u00dfe dieser Berge leben, dieselbe Investition in ihre Zukunft verdienen, die den Bergen selbst im Rahmen von Naturschutzma\u00dfnahmen zuteilwird.<\/p><p class=\"block_4\" lang=\"en\">Ein Teil der Einnahmen jeder Salkantay Horizons-Trekkingtour flie\u00dft in Apu Tui Tun. \u00dcber unsere eigene Initiative hinaus unterst\u00fctzt die My Peru Destinations Group aktiv weitere Bildungs- und Gemeindeentwicklungsprojekte in der Region Cusco. Wir ver\u00f6ffentlichen nicht jedes Projekt namentlich, aber die Verpflichtung, in die Gemeinden zu reinvestieren, die dieses Gesch\u00e4ft erm\u00f6glichen, ist weder optional noch saisonabh\u00e4ngig. Sie ist fester Bestandteil unserer ganzj\u00e4hrigen Arbeitsweise.<\/p><p class=\"block_4\"><span lang=\"en\">Wenn Sie mehr \u00fcber Apu Tui Tun erfahren oder direkt einen Beitrag leisten m\u00f6chten, kontaktieren Sie uns unter <\/span><a class=\"text_6\" lang=\"en\" href=\"mailto:info@salkantay-trail.com\">info@salkantay-trail.com<\/a><span lang=\"en\"> und wir werden Sie mit dem Projektteam in Verbindung setzen.<\/span><\/p><p>\u00a0<\/p><hr \/><p lang=\"en\">\u00a0<\/p><p class=\"block_4 text_2\" lang=\"en\"><em>Nachhaltigkeit ist kein Thema auf unserer Website. Sie ist der Grund, warum wir das Unternehmen so aufgebaut haben, wie wir es getan haben.<\/em><\/p><p lang=\"en\">\u00a0<\/p>\t\t\t\t\t\t\t\t<\/div>\n\t\t\t\t<\/div>\n\t\t\t\t<\/div>","protected":false},"excerpt":{"rendered":"<p>ABOUT US OUR STORY Salkantay Horizons started the way most good things in Cusco start: with a guide who knew the mountain too well to stop talking about it. Our founder grew up in Cusco, spent his early years learning the trail the way locals learn it, through seasons and weather patterns and the kind [&hellip;]<\/p>\n","protected":false},"author":1,"featured_media":0,"parent":0,"menu_order":0,"comment_status":"closed","ping_status":"closed","template":"elementor_header_footer","meta":{"footnotes":""},"class_list":["post-1890","page","type-page","status-publish","hentry"],"_links":{"self":[{"href":"https:\/\/salkantay-trail.com\/de\/wp-json\/wp\/v2\/pages\/1890","targetHints":{"allow":["GET"]}}],"collection":[{"href":"https:\/\/salkantay-trail.com\/de\/wp-json\/wp\/v2\/pages"}],"about":[{"href":"https:\/\/salkantay-trail.com\/de\/wp-json\/wp\/v2\/types\/page"}],"author":[{"embeddable":true,"href":"https:\/\/salkantay-trail.com\/de\/wp-json\/wp\/v2\/users\/1"}],"replies":[{"embeddable":true,"href":"https:\/\/salkantay-trail.com\/de\/wp-json\/wp\/v2\/comments?post=1890"}],"version-history":[{"count":25,"href":"https:\/\/salkantay-trail.com\/de\/wp-json\/wp\/v2\/pages\/1890\/revisions"}],"predecessor-version":[{"id":2796,"href":"https:\/\/salkantay-trail.com\/de\/wp-json\/wp\/v2\/pages\/1890\/revisions\/2796"}],"wp:attachment":[{"href":"https:\/\/salkantay-trail.com\/de\/wp-json\/wp\/v2\/media?parent=1890"}],"curies":[{"name":"wp","href":"https:\/\/api.w.org\/{rel}","templated":true}]}}