{"id":2472,"date":"2026-04-01T18:02:05","date_gmt":"2026-04-01T18:02:05","guid":{"rendered":"https:\/\/salkantay-trail.com\/?page_id=2472"},"modified":"2026-04-02T22:41:49","modified_gmt":"2026-04-02T22:41:49","slug":"la-signification-spirituelle-de-salkantay-la-montagne-sauvage-des-incas","status":"publish","type":"page","link":"https:\/\/salkantay-trail.com\/fr\/blog\/the-spiritual-meaning-of-salkantay-the-savage-mountain-of-the-incas\/","title":{"rendered":"La signification spirituelle de Salkantay\u00a0: la montagne sauvage des Incas"},"content":{"rendered":"<div data-elementor-type=\"wp-page\" data-elementor-id=\"2472\" class=\"elementor elementor-2472\" data-elementor-post-type=\"page\">\n\t\t\t\t<div class=\"elementor-element elementor-element-c76a959 e-con-full e-flex e-con e-parent\" data-id=\"c76a959\" data-element_type=\"container\" data-e-type=\"container\" data-settings=\"{&quot;background_background&quot;:&quot;classic&quot;}\">\n\t\t\t\t<div class=\"elementor-element elementor-element-3ec85ac elementor--h-position-center elementor--v-position-middle elementor-arrows-position-inside elementor-pagination-position-inside elementor-widget elementor-widget-slides\" data-id=\"3ec85ac\" data-element_type=\"widget\" data-e-type=\"widget\" data-settings=\"{&quot;navigation&quot;:&quot;both&quot;,&quot;autoplay&quot;:&quot;yes&quot;,&quot;pause_on_hover&quot;:&quot;yes&quot;,&quot;pause_on_interaction&quot;:&quot;yes&quot;,&quot;autoplay_speed&quot;:5000,&quot;infinite&quot;:&quot;yes&quot;,&quot;transition&quot;:&quot;slide&quot;,&quot;transition_speed&quot;:500}\" data-widget_type=\"slides.default\">\n\t\t\t\t\t\t\t\t\t\t<div class=\"elementor-slides-wrapper elementor-main-swiper swiper\" role=\"region\" aria-roledescription=\"carousel\" aria-label=\"Diapositives\" dir=\"ltr\" data-animation=\"fadeInUp\">\n\t\t\t\t<div class=\"swiper-wrapper elementor-slides\">\n\t\t\t\t\t\t\t\t\t\t<div class=\"elementor-repeater-item-ea447dc swiper-slide\" role=\"group\" aria-roledescription=\"slide\"><div class=\"swiper-slide-bg\" role=\"img\" aria-label=\"salkantaytrek 001\"><\/div><div class=\"elementor-background-overlay\"><\/div><div class=\"swiper-slide-inner\" ><div class=\"swiper-slide-contents\"><\/div><\/div><\/div>\t\t\t\t<\/div>\n\t\t\t\t\t\t\t<\/div>\n\t\t\t\t\t\t\t\t<\/div>\n\t\t\t\t<div class=\"elementor-element elementor-element-c4138c0 elementor-widget elementor-widget-heading\" data-id=\"c4138c0\" data-element_type=\"widget\" data-e-type=\"widget\" data-widget_type=\"heading.default\">\n\t\t\t\t\t<h2 class=\"elementor-heading-title elementor-size-default\">La signification spirituelle du Salkantay\u00a0:\n<br>La montagne sauvage des Incas<\/h2>\t\t\t\t<\/div>\n\t\t\t\t<\/div>\n\t\t<div class=\"elementor-element elementor-element-464fe7f e-con-full e-flex e-con e-parent\" data-id=\"464fe7f\" data-element_type=\"container\" data-e-type=\"container\" data-settings=\"{&quot;background_background&quot;:&quot;classic&quot;}\">\n\t\t<div class=\"elementor-element elementor-element-a51f8ea e-con-full e-flex e-con e-child\" data-id=\"a51f8ea\" data-element_type=\"container\" data-e-type=\"container\">\n\t\t\t\t<div class=\"elementor-element elementor-element-309f451 elementor-widget elementor-widget-text-editor\" data-id=\"309f451\" data-element_type=\"widget\" data-e-type=\"widget\" data-widget_type=\"text-editor.default\">\n\t\t\t\t\t\t\t\t\t<h1 id=\"toc_id_148\" class=\"block_19 text_1\" lang=\"en\">La signification spirituelle de Salkantay\u00a0: la montagne sauvage des Incas<\/h1><hr \/><p class=\"block_4\"><b lang=\"en\">Cat\u00e9gorie:<\/b><span lang=\"en\"> Culture et histoire | <\/span><b lang=\"en\">Temps de lecture\u00a0:<\/b><span lang=\"en\"> 7 min<\/span><\/p><hr \/><p>\u00a0<\/p><p class=\"block_4\"><span lang=\"en\">Le nom Salkantay provient du mot quechua <\/span><i lang=\"en\">salqantay<\/i><span lang=\"en\">, Ce nom, qui se traduit approximativement par sauvage, indomptable ou indomptable, n&#039;est pas celui d&#039;une montagne qui inspire confort ou r\u00e9confort. Il d\u00e9signe quelque chose qui force le respect, quelque chose dont la puissance est reconnue pr\u00e9cis\u00e9ment parce qu&#039;elle est incontr\u00f4lable. Ceux qui ont nomm\u00e9 cette montagne il y a des milliers d&#039;ann\u00e9es ne cherchaient pas la po\u00e9sie\u00a0; ils \u00e9taient lucides.<\/span><\/p><p class=\"block_4\" lang=\"en\">Culminant \u00e0 6\u00a0271 m\u00e8tres, le Salkantay est le deuxi\u00e8me plus haut sommet de la r\u00e9gion de Cusco et le dix-septi\u00e8me du P\u00e9rou. Mais son importance dans le monde andin n\u2019a jamais r\u00e9sid\u00e9 principalement dans son altitude. Elle tient \u00e0 la conception m\u00eame de la montagne\u00a0: celle d\u2019une divinit\u00e9 vivante.<\/p><p class=\"block_9\">\u00a0<\/p><hr \/><h2 lang=\"en\">\u00a0<\/h2><h2 id=\"toc_id_149\" class=\"block_3 text_1\" lang=\"en\">Le concept d&#039;Apu<\/h2><p class=\"block_4\" lang=\"en\">Pour comprendre la signification spirituelle du Salkantay, il est n\u00e9cessaire de saisir le concept andin d&#039;Apu. Dans la cosmologie quechua, les montagnes ne sont pas de simples formations g\u00e9ologiques auxquelles on attache une signification culturelle. Ce sont des \u00eatres conscients, des divinit\u00e9s incarn\u00e9es, dot\u00e9es d&#039;une volont\u00e9 propre, d&#039;un temp\u00e9rament et de la capacit\u00e9 d&#039;influencer la vie des communaut\u00e9s qui vivent \u00e0 leurs pieds.<\/p><p class=\"block_4\" lang=\"en\">Le mot Apu se traduit par seigneur ou \u00eatre puissant et s&#039;emploie \u00e0 la fois comme titre et comme formule d&#039;adresse directe. Lorsqu&#039;un membre de la communaut\u00e9 quechua s&#039;adresse \u00e0 une montagne, il ne s&#039;agit pas d&#039;une m\u00e9taphore. Il communique avec une entit\u00e9 pr\u00e9sente, consciente et capable de r\u00e9pondre. Cette r\u00e9ponse peut se traduire par des conditions m\u00e9t\u00e9orologiques favorables pour la saison des semailles, une bonne sant\u00e9 pour les enfants de la communaut\u00e9, ou encore par une catastrophe. L&#039;Apu donne et l&#039;Apu re\u00e7oit, et la relation entre la montagne et la communaut\u00e9 se maintient gr\u00e2ce \u00e0 une obligation r\u00e9ciproque.<\/p><p class=\"block_4\" lang=\"en\">Salkantay est l&#039;un des Apus les plus puissants de tout le monde andin. Son influence s&#039;\u00e9tend bien au-del\u00e0 des communaut\u00e9s qui l&#039;entourent, couvrant toute la r\u00e9gion de Cusco et les plaines de l&#039;est. Dans la hi\u00e9rarchie des divinit\u00e9s andines, Salkantay occupe une place d&#039;une autorit\u00e9 extraordinaire, la deuxi\u00e8me dans la r\u00e9gion de Cusco apr\u00e8s Ausangate, le plus haut sommet de la r\u00e9gion, qui est la divinit\u00e9 principale des Andes m\u00e9ridionales.<\/p><p class=\"block_9\">\u00a0<\/p><hr \/><h2 lang=\"en\">\u00a0<\/h2><h2 id=\"toc_id_150\" class=\"block_3 text_1\" lang=\"en\">Salkantay dans la cosmologie inca<\/h2><p class=\"block_4\" lang=\"en\">L&#039;empire inca n&#039;\u00e9tait pas un \u00c9tat la\u00efc dot\u00e9 de pratiques religieuses. C&#039;\u00e9tait une civilisation th\u00e9ocratique o\u00f9 les dimensions politique, agricole, astronomique et spirituelle de la vie \u00e9taient indissociables. Le Sapa Inca, l&#039;empereur, \u00e9tait consid\u00e9r\u00e9 comme un descendant direct d&#039;Inti, le dieu soleil. Le calendrier agricole \u00e9tait un calendrier religieux. Les syst\u00e8mes d&#039;irrigation qui alimentaient l&#039;empire \u00e9taient construits selon des principes alliant g\u00e9nie hydraulique et obligations rituelles. Et les montagnes, les Apus, \u00e9taient au c\u0153ur de ce syst\u00e8me int\u00e9gr\u00e9.<\/p><p class=\"block_4\" lang=\"en\">Dans la cosmologie inca, le Salkantay occupait une fonction de gardien des routes reliant Cusco, la capitale situ\u00e9e sur les hauts plateaux, aux territoires de jungle des basses terres \u00e0 l&#039;est et au sud, l&#039;Antisuyu, l&#039;un des quatre quartiers de l&#039;empire inca. Le chemin qui allait devenir la voie de randonn\u00e9e du Salkantay \u00e9tait une voie inca active, emprunt\u00e9e par les communaut\u00e9s, les marchands et les messagers de l&#039;\u00c9tat circulant entre ces deux mondes. La montagne veillait sur ce passage et ceux qui l&#039;empruntaient y faisaient des offrandes en cons\u00e9quence.<\/p><p class=\"block_4\"><span lang=\"en\">La pratique de <\/span><i lang=\"en\">capac cocha<\/i><span lang=\"en\">, Le terme \u00ab capac cocha \u00bb, d\u00e9signant les offrandes rituelles faites aux divinit\u00e9s de la montagne, consistait \u00e0 d\u00e9poser des objets pr\u00e9cieux sur des sites de haute altitude, sur ou pr\u00e8s des sommets sacr\u00e9s. Des exp\u00e9ditions arch\u00e9ologiques men\u00e9es sur plusieurs sommets andins ont permis de mettre au jour des artefacts exceptionnels sur ces sites d&#039;offrandes, notamment des textiles, des c\u00e9ramiques, des aliments et, dans certains cas, des traces de sacrifices humains, g\u00e9n\u00e9ralement d&#039;enfants, consid\u00e9r\u00e9s comme des interm\u00e9diaires entre le monde des humains et celui des dieux apr\u00e8s leur mort en altitude. Aucun site de capac cocha n&#039;a \u00e9t\u00e9 formellement identifi\u00e9 sur le Salkantay lui-m\u00eame, mais le statut de cette montagne en tant qu&#039;Apu majeur rend l&#039;existence de tels sites probable.<\/span><\/p><p class=\"block_4\"><span lang=\"en\">Les Incas comprenaient \u00e9galement les montagnes en termes de <\/span><i lang=\"en\">c\u00e9que<\/i><span lang=\"en\"> Le syst\u00e8me des ceques est un r\u00e9seau de 41 lignes imaginaires rayonnant depuis le Coricancha, le temple du soleil \u00e0 Cusco, \u00e0 travers le paysage du bassin de Cusco. Le long de chaque ligne de ceque se trouvait une s\u00e9rie de sites sacr\u00e9s connus sous le nom de <\/span><i lang=\"en\">huacas<\/i><span lang=\"en\">, Le Salkantay, avec ses sources, ses rochers, ses temples et ses montagnes, est un lieu sacr\u00e9. Il est reli\u00e9 \u00e0 Cusco par les lignes invisibles du r\u00e9seau des ceques, int\u00e9grant ainsi la montagne \u00e0 l&#039;architecture religieuse de la capitale, m\u00eame \u00e0 60 kilom\u00e8tres de distance.<\/span><\/p><p class=\"block_9\">\u00a0<\/p><hr \/><h2 lang=\"en\">\u00a0<\/h2><h2 id=\"toc_id_151\" class=\"block_3 text_1\" lang=\"en\">La pratique vivante<\/h2><p class=\"block_4\" lang=\"en\">Ce qui conf\u00e8re \u00e0 la dimension spirituelle du Salkantay une importance particuli\u00e8re pour quiconque emprunte ce chemin, c&#039;est qu&#039;elle n&#039;est pas un vestige du pass\u00e9. Il ne s&#039;agit pas d&#039;un syst\u00e8me de croyances ayant appartenu \u00e0 l&#039;empire inca et disparu avec la conqu\u00eate espagnole. Elle est bien vivante.<\/p><p class=\"block_4\"><span lang=\"en\">Les communaut\u00e9s quechuas qui vivent aujourd&#039;hui dans les vall\u00e9es entourant le massif du Salkantay entretiennent des relations rituelles actives avec la montagne. Elles lui font des offrandes de feuilles de coca, <\/span><i lang=\"en\">chicha<\/i><span lang=\"en\"> (de la bi\u00e8re de ma\u00efs ferment\u00e9e), des fleurs et d&#039;autres objets sont confectionn\u00e9s \u00e0 intervalles r\u00e9guliers sur des sites proches de la montagne, selon un calendrier qui s&#039;aligne sur les cycles agricoles, les \u00e9v\u00e9nements marquants de la vie et des dates sp\u00e9cifiques de l&#039;ann\u00e9e c\u00e9r\u00e9monielle andine. La c\u00e9r\u00e9monie de la terre d&#039;ao\u00fbt, connue sous le nom de <\/span><i lang=\"en\">Pachamama Raymi<\/i><span lang=\"en\">, implique des offrandes particuli\u00e8rement importantes aux principaux Apus de la r\u00e9gion, notamment Salkantay.<\/span><\/p><p class=\"block_4\" lang=\"en\">Les guides locaux et les membres de la communaut\u00e9 qui encadrent le trek du Salkantay entretiennent un lien personnel avec la montagne. Pour beaucoup d&#039;entre eux, franchir le col n&#039;est pas un simple acte physique. C&#039;est un passage sur un territoire sacr\u00e9 qui exige un respect particulier. Les petits cairns que vous verrez au col, et les offrandes de feuilles de coca d\u00e9pos\u00e9es parmi eux, ne sont pas laiss\u00e9s par des touristes accomplissant un geste culturel. Ils sont d\u00e9pos\u00e9s par les populations locales qui remplissent un devoir.<\/p><p class=\"block_4\"><span lang=\"en\">La pratique de <\/span><i lang=\"en\">despacho<\/i><span lang=\"en\">, une c\u00e9r\u00e9monie d&#039;offrande rituelle conduite par un <\/span><i lang=\"en\">pago<\/i><span lang=\"en\"> Le despacho, ou rituel spirituel andin, est parfois accompli avant le d\u00e9but d&#039;un trek, comme une demande formelle de protection et de conditions favorables. La c\u00e9r\u00e9monie consiste \u00e0 rassembler une collection soigneusement agenc\u00e9e d&#039;objets symboliques, notamment des feuilles de coca, des graines, des sucreries, de la graisse de lama et divers autres mat\u00e9riaux, qui sont ensuite br\u00fbl\u00e9s en offrande \u00e0 l&#039;Apu et \u00e0 Pachamama, la divinit\u00e9 de la Terre. Le despacho n&#039;est pas un spectacle pour touristes. Dans les communaut\u00e9s riveraines du Salkantay, c&#039;est une d\u00e9marche concr\u00e8te, un dialogue entam\u00e9 avec une entit\u00e9 puissante avant de p\u00e9n\u00e9trer sur son territoire.<\/span><\/p><p class=\"block_9\">\u00a0<\/p><hr \/><h2 lang=\"en\">\u00a0<\/h2><h2 id=\"toc_id_152\" class=\"block_3 text_1\" lang=\"en\">Ce que la montagne repr\u00e9sente sur le sentier<\/h2><p class=\"block_4\" lang=\"en\">Parcourir le sentier du Salkantay dans ce contexte change l&#039;exp\u00e9rience d&#039;une mani\u00e8re difficile \u00e0 exprimer mais facile \u00e0 ressentir une fois face \u00e0 la montagne elle-m\u00eame.<\/p><p class=\"block_4\" lang=\"en\">L&#039;immensit\u00e9 du Salkantay, vue de pr\u00e8s, notamment depuis le campement de Soraypampa o\u00f9 le glacier emplit l&#039;horizon, suscite chez la plupart des gens une r\u00e9action qui d\u00e9passe la simple appr\u00e9ciation esth\u00e9tique d&#039;un beau paysage. Se trouver si pr\u00e8s d&#039;une chose si vaste et si indiff\u00e9rente \u00e0 notre pr\u00e9sence touche \u00e0 quelque chose de plus ancien que la pens\u00e9e rationnelle. Les communaut\u00e9s quechuas qui ont v\u00e9cu au pied de cette montagne pendant des mill\u00e9naires et ont b\u00e2ti tout un cadre th\u00e9ologique autour de leur relation avec elle n&#039;agissaient pas par superstition. Elles r\u00e9pondaient \u00e0 une r\u00e9alit\u00e9 tangible.<\/p><p class=\"block_4\" lang=\"en\">La travers\u00e9e du col \u00e0 l&#039;aube, dans l&#039;obscurit\u00e9 et le froid, avec la montagne en toile de fond et la longue descente \u00e0 venir, rev\u00eat une dimension rituelle que les exigences physiques de l&#039;ascension ne rendent pas pleinement compte. L&#039;instant au sommet, o\u00f9 le monde s&#039;ouvre de part et d&#039;autre et o\u00f9 la lumi\u00e8re commence \u00e0 filtrer sur les glaciers, est un moment que l&#039;on peine toujours \u00e0 d\u00e9crire en termes purement profanes. Il y a quelque chose de profond\u00e9ment m\u00e9rit\u00e9, qui d\u00e9passe l&#039;effort physique fourni. La montagne a \u00e9t\u00e9 observ\u00e9e d&#039;en bas tout au long de la journ\u00e9e et de la nuit pr\u00e9c\u00e9dentes, et au sommet, on se trouve, l&#039;espace d&#039;un instant, en sa pr\u00e9sence, \u00e0 un niveau que le fond de la vall\u00e9e ne permet pas d&#039;atteindre.<\/p><p class=\"block_4\" lang=\"en\">Que vous abordiez ce moment avec une perspective spirituelle particuli\u00e8re ou non, cela vous appartient enti\u00e8rement. La tradition andine n&#039;offre qu&#039;un nom pour la qualit\u00e9 de l&#039;exp\u00e9rience\u00a0: vous \u00eates en pr\u00e9sence d&#039;un Apu, une cr\u00e9ature puissante, sauvage et indomptable, pr\u00e9sente depuis bien plus longtemps que la civilisation qui lui a donn\u00e9 son nom et qui sera encore l\u00e0 longtemps apr\u00e8s le passage du dernier randonneur.<\/p><p class=\"block_9\">\u00a0<\/p><hr \/><h2 lang=\"en\">\u00a0<\/h2><h2 id=\"toc_id_153\" class=\"block_3 text_1\" lang=\"en\">Le glacier et l&#039;avenir<\/h2><p class=\"block_4\" lang=\"en\">La signification spirituelle du Salkantay comporte une dimension qui \u00e9tait absente des discussions il y a une g\u00e9n\u00e9ration et qu&#039;il est d\u00e9sormais impossible d&#039;ignorer. Le glacier qui fa\u00e7onne le caract\u00e8re de la montagne, celui qui domine le camp de Soraypampa et dont l&#039;eau de fonte alimente le lac Humantay et les rivi\u00e8res des vall\u00e9es environnantes, recule. Les climatologues qui surveillent le glacier du Salkantay ont constat\u00e9 une fonte importante et acc\u00e9l\u00e9r\u00e9e au cours des derni\u00e8res d\u00e9cennies. La montagne que les communaut\u00e9s quechuas consid\u00e8rent comme une divinit\u00e9 vivante depuis des mill\u00e9naires se transforme visiblement \u00e0 l&#039;\u00e9chelle d&#039;une vie humaine.<\/p><p class=\"block_4\" lang=\"en\">Pour les communaut\u00e9s dont le lien avec le Salkantay repose sur la conception de la montagne comme une entit\u00e9 consciente, le recul du glacier n&#039;est pas qu&#039;une simple donn\u00e9e environnementale. C&#039;est un \u00e9v\u00e9nement symbolique. Que signifie la disparition de la glace qui d\u00e9finit un apu\u00a0? Quelles obligations cela engendre-t-il\u00a0? Ces questions font l&#039;objet de d\u00e9bats anim\u00e9s au sein des communaut\u00e9s riveraines, et elles n&#039;appellent pas de r\u00e9ponses simples.<\/p><p class=\"block_4\" lang=\"en\">Pour les randonneurs qui franchissent le col, le glacier offre l&#039;une des exp\u00e9riences visuelles les plus marquantes du parcours. Cette exp\u00e9rience sera diff\u00e9rente dans dix ans, et encore diff\u00e9rente dans vingt ans. Marcher aujourd&#039;hui au pied du glacier Salkantay, en comprenant \u00e0 la fois sa signification sacr\u00e9e et sa fragilit\u00e9, c&#039;est se confronter \u00e0 un ph\u00e9nom\u00e8ne qui rev\u00eat un poids qu&#039;il n&#039;avait pas pour les g\u00e9n\u00e9rations pr\u00e9c\u00e9dentes de visiteurs.<\/p><p class=\"block_4\" lang=\"en\">La montagne est sauvage et indomptable. Ce qui lui arrive ne l&#039;est pas non plus.<\/p><p class=\"block_9\">\u00a0<\/p><hr \/><p lang=\"en\">\u00a0<\/p><p class=\"block_4 text_2\" lang=\"en\"><em>Nos guides int\u00e8grent la cosmologie andine et la signification spirituelle du sentier du Salkantay \u00e0 leurs r\u00e9cits. Si cet aspect de l&#039;exp\u00e9rience vous tient particuli\u00e8rement \u00e0 c\u0153ur, veuillez nous le signaler lors de votre r\u00e9servation.<\/em><\/p><p lang=\"en\">\u00a0<\/p>\t\t\t\t\t\t\t\t<\/div>\n\t\t\t\t<\/div>\n\t\t<div class=\"elementor-element elementor-element-59dead6 e-con-full e-flex e-con e-child\" data-id=\"59dead6\" data-element_type=\"container\" data-e-type=\"container\">\n\t\t\t\t<div class=\"elementor-element elementor-element-936547e elementor-widget elementor-widget-html\" data-id=\"936547e\" data-element_type=\"widget\" data-e-type=\"widget\" data-widget_type=\"html.default\">\n\t\t\t\t\t\n\n\n\n\n<form class=\"custom-contact-form contact-ajax-multi\" data-lang=\"fr\" action=\"\">\n    <div class=\"form-header\">\n        <h3>Contactez-nous<\/h3>\n        <p>Des questions sur nos treks ? Nous sommes l\u00e0 pour vous aider.<\/p>\n    <\/div>\n    <div class=\"form-group\">\n        <label>Nom Complet<\/label>\n        <input type=\"text\" name=\"name\" placeholder=\"Votre Nom\" required>\n    <\/div>\n    <div class=\"form-group\">\n        <label>Adresse e-mail<\/label>\n        <input type=\"email\" name=\"email\" placeholder=\"email@exemple.com\" required>\n    <\/div>\n    <div class=\"form-group\">\n        <label>Comment avez-vous entendu parler de nous ?<\/label>\n        <select name=\"referral_source\" class=\"ref-source\" required>\n            <option value=\"\" disabled selected>Choisissez une option<\/option>\n            <option value=\"google\">Recherche Google<\/option>\n            <option value=\"social_media\">R\u00e9seaux Sociaux (Instagram\/Facebook\/TikTok)<\/option>\n            <option value=\"tripadvisor\">TripAdvisor<\/option>\n            <option value=\"friend_referral\">Recommandation d&#039;un ami<\/option>\n            <option value=\"blog_article\">Blog ou article de voyage<\/option>\n            <option value=\"other\">Autre (Veuillez pr\u00e9ciser)<\/option>\n        <\/select>\n    <\/div>\n    <div class=\"form-group other-wrapper\" style=\"display: none;\">\n        <label>Veuillez pr\u00e9ciser :<\/label>\n        <input type=\"text\" name=\"other_source_details\" placeholder=\"Ex. : Podcast, journal intime, etc.\">\n    <\/div>\n    <div class=\"form-group\">\n        <label>Votre message<\/label>\n        <textarea name=\"message\" rows=\"5\" placeholder=\"Comment pouvez-nous vous aider ?\" required><\/textarea>\n    <\/div>\n    <button type=\"submit\" class=\"submit-btn-general\">Envoyer le message<\/button>\n    <div class=\"contact-response\" style=\"display:none; margin-top:15px; padding:15px; border-radius:12px; text-align:center; font-weight:bold;\"><\/div>\n<input type=\"hidden\" name=\"trp-form-language\" value=\"fr\"\/><\/form>\n\n\n\n\n\n\n\n\n<style>\n    .custom-contact-form { background: #ffffff; padding: 30px; border: 1px solid #e0e0e0; border-radius: 12px; font-family: sans-serif; box-shadow: 0 4px 15px rgba(0,0,0,0.05); }\n    .form-header h3 { color: #0073aa; margin-top: 0; font-size: 24px; }\n    .form-group { margin-bottom: 18px; display: flex; flex-direction: column; }\n    .form-group label { font-size: 14px; font-weight: 600; margin-bottom: 6px; color: #333; }\n    .form-group input, .form-group select, .form-group textarea { padding: 12px; border: 1px solid #ccc; border-radius: 6px; font-size: 15px; }\n    .submit-btn-general { background: #0073aa; color: white; border: none; padding: 15px; border-radius: 6px; cursor: pointer; width: 100%; font-weight: bold; font-size: 16px; transition: 0.3s; }\n    .submit-btn-general:hover { background: #005a87; }\n<\/style>\n\n<script>\n\/\/ L\u00f3gica para todos los formularios de contacto din\u00e1micos\ndocument.querySelectorAll('.contact-ajax-multi').forEach(form => {\n    \n    \/\/ 1. Mostrar\/Ocultar el campo \"Otro\"\n    const refSelect = form.querySelector('.ref-source');\n    const otherWrapper = form.querySelector('.other-wrapper');\n    const otherInput = otherWrapper.querySelector('input');\n\n    refSelect.addEventListener('change', function() {\n        if (this.value === 'other') {\n            otherWrapper.style.display = 'flex';\n            otherInput.required = true;\n        } else {\n            otherWrapper.style.display = 'none';\n            otherInput.required = false;\n            otherInput.value = '';\n        }\n    });\n\n    \/\/ 2. Env\u00edo AJAX traducido\n    form.addEventListener('submit', function(e) {\n        e.preventDefault();\n        const btn = this.querySelector('.submit-btn-general');\n        const responseDiv = this.querySelector('.contact-response');\n        const lang = this.getAttribute('data-lang');\n        const formData = new FormData(this);\n        formData.append('action', 'process_custom_form');\n        \n        btn.disabled = true;\n        \n        \/\/ Texto de env\u00edo\n        let sendingTxt = 'Sending...';\n        if(lang === 'es') sendingTxt = 'Enviando...';\t\t\t\t<\/div>\n\t\t\t\t<\/div>\n\t\t\t\t<\/div>\n\t\t\t\t<\/div>","protected":false},"excerpt":{"rendered":"<p>The Spiritual Meaning of Salkantay: The Savage Mountain of the Incas The Spiritual Meaning of Salkantay: The Savage Mountain of the Incas Category: Culture &amp; History | Reading time: 7 min \u00a0 The name Salkantay comes from the Quechua word salqantay, which translates roughly as savage, wild, or untameable. It is not a name given [&hellip;]<\/p>\n","protected":false},"author":1,"featured_media":0,"parent":1895,"menu_order":0,"comment_status":"closed","ping_status":"closed","template":"elementor_header_footer","meta":{"footnotes":""},"class_list":["post-2472","page","type-page","status-publish","hentry"],"_links":{"self":[{"href":"https:\/\/salkantay-trail.com\/fr\/wp-json\/wp\/v2\/pages\/2472","targetHints":{"allow":["GET"]}}],"collection":[{"href":"https:\/\/salkantay-trail.com\/fr\/wp-json\/wp\/v2\/pages"}],"about":[{"href":"https:\/\/salkantay-trail.com\/fr\/wp-json\/wp\/v2\/types\/page"}],"author":[{"embeddable":true,"href":"https:\/\/salkantay-trail.com\/fr\/wp-json\/wp\/v2\/users\/1"}],"replies":[{"embeddable":true,"href":"https:\/\/salkantay-trail.com\/fr\/wp-json\/wp\/v2\/comments?post=2472"}],"version-history":[{"count":10,"href":"https:\/\/salkantay-trail.com\/fr\/wp-json\/wp\/v2\/pages\/2472\/revisions"}],"predecessor-version":[{"id":3099,"href":"https:\/\/salkantay-trail.com\/fr\/wp-json\/wp\/v2\/pages\/2472\/revisions\/3099"}],"up":[{"embeddable":true,"href":"https:\/\/salkantay-trail.com\/fr\/wp-json\/wp\/v2\/pages\/1895"}],"wp:attachment":[{"href":"https:\/\/salkantay-trail.com\/fr\/wp-json\/wp\/v2\/media?parent=2472"}],"curies":[{"name":"wp","href":"https:\/\/api.w.org\/{rel}","templated":true}]}}