{"id":1930,"date":"2026-03-31T21:17:43","date_gmt":"2026-03-31T21:17:43","guid":{"rendered":"https:\/\/salkantay-trail.com\/?page_id=1930"},"modified":"2026-04-02T22:19:35","modified_gmt":"2026-04-02T22:19:35","slug":"private-salkantay-trek","status":"publish","type":"page","link":"https:\/\/salkantay-trail.com\/nl\/salkantay-treks\/private-salkantay-trek\/","title":{"rendered":"Priv\u00e9 Salkantay-trektocht"},"content":{"rendered":"<div data-elementor-type=\"wp-page\" data-elementor-id=\"1930\" class=\"elementor elementor-1930\" data-elementor-post-type=\"page\">\n\t\t\t\t<div class=\"elementor-element elementor-element-c76a959 e-con-full e-flex e-con e-parent\" data-id=\"c76a959\" data-element_type=\"container\" data-e-type=\"container\" data-settings=\"{&quot;background_background&quot;:&quot;classic&quot;}\">\n\t\t\t\t<div class=\"elementor-element elementor-element-3ec85ac elementor--h-position-center elementor--v-position-middle elementor-arrows-position-inside elementor-pagination-position-inside elementor-widget elementor-widget-slides\" data-id=\"3ec85ac\" data-element_type=\"widget\" data-e-type=\"widget\" data-settings=\"{&quot;navigation&quot;:&quot;both&quot;,&quot;autoplay&quot;:&quot;yes&quot;,&quot;pause_on_hover&quot;:&quot;yes&quot;,&quot;pause_on_interaction&quot;:&quot;yes&quot;,&quot;autoplay_speed&quot;:5000,&quot;infinite&quot;:&quot;yes&quot;,&quot;transition&quot;:&quot;slide&quot;,&quot;transition_speed&quot;:500}\" data-widget_type=\"slides.default\">\n\t\t\t\t\t\t\t\t\t\t<div class=\"elementor-slides-wrapper elementor-main-swiper swiper\" role=\"region\" aria-roledescription=\"carousel\" aria-label=\"Dia&#039;s\" dir=\"ltr\" data-animation=\"fadeInUp\">\n\t\t\t\t<div class=\"swiper-wrapper elementor-slides\">\n\t\t\t\t\t\t\t\t\t\t<div class=\"elementor-repeater-item-ea447dc swiper-slide\" role=\"group\" aria-roledescription=\"slide\"><div class=\"swiper-slide-bg\" role=\"img\" aria-label=\"salkantaytrek 001\"><\/div><div class=\"elementor-background-overlay\"><\/div><div class=\"swiper-slide-inner\" ><div class=\"swiper-slide-contents\"><\/div><\/div><\/div>\t\t\t\t<\/div>\n\t\t\t\t\t\t\t<\/div>\n\t\t\t\t\t\t\t\t<\/div>\n\t\t\t\t<div class=\"elementor-element elementor-element-c4138c0 elementor-widget elementor-widget-heading\" data-id=\"c4138c0\" data-element_type=\"widget\" data-e-type=\"widget\" data-widget_type=\"heading.default\">\n\t\t\t\t\t<h2 class=\"elementor-heading-title elementor-size-default\">PRIV\u00c9 TREKKING NAAR SALKANTAY<\/h2>\t\t\t\t<\/div>\n\t\t\t\t<\/div>\n\t\t<div class=\"elementor-element elementor-element-48d38de e-con-full e-flex e-con e-parent\" data-id=\"48d38de\" data-element_type=\"container\" data-e-type=\"container\" data-settings=\"{&quot;background_background&quot;:&quot;classic&quot;}\">\n\t\t\t\t<div class=\"elementor-element elementor-element-56dd517 elementor-widget elementor-widget-html\" data-id=\"56dd517\" data-element_type=\"widget\" data-e-type=\"widget\" data-widget_type=\"html.default\">\n\t\t\t\t\t\n\n\n\n\n\n\n\n\n<form id=\"form-nl\" class=\"tailor-made-form tailor-ajax-custom\" action=\"\">\n    <div class=\"form-header\">\n        <h3>Personaliseer Uw Priv\u00e9-Expeditie<\/h3>\n        <p>Vertel ons uw voorkeuren en wij ontwerpen de perfecte trektocht voor u.<\/p>\n    <\/div>\n    <div class=\"form-row\">\n        <div class=\"form-group\">\n            <label>Volledige naam<\/label>\n            <input type=\"text\" name=\"name\" placeholder=\"Uw naam\" required>\n        <\/div>\n        <div class=\"form-group\">\n            <label>E-mailadres<\/label>\n            <input type=\"email\" name=\"email\" placeholder=\"email@voorbeeld.nl\" required>\n        <\/div>\n    <\/div>\n    <div class=\"form-row\">\n        <div class=\"form-group\">\n            <label>Gewenste Startdatum<\/label>\n            <input type=\"date\" name=\"start_date\" required>\n        <\/div>\n        <div class=\"form-group\">\n            <label>Groepsgrootte<\/label>\n            <input type=\"number\" name=\"group_size\" min=\"1\" value=\"2\">\n        <\/div>\n    <\/div>\n    <div class=\"form-group\">\n        <label>Serviceniveau<\/label>\n        <select name=\"service_level\">\n            <option value=\"standard\">Standaard Priv\u00e9 (Comfortabel)<\/option>\n            <option value=\"premium\">Premium Priv\u00e9 (Glamping-stijl)<\/option>\n            <option value=\"luxury\">Luxe Expeditie (Topklasse)<\/option>\n        <\/select>\n    <\/div>\n    <div class=\"form-group\">\n        <label>Extra Interesses \/ Speciale Eisen<\/label>\n        <div class=\"checkbox-grid\">\n            <label><input type=\"checkbox\" name=\"extra_huayna\" value=\"Requested\"> Huayna Picchu Klim<\/label>\n            <label><input type=\"checkbox\" name=\"extra_diet\" value=\"Requested\"> Speciaal Dieet (Vegan\/GF)<\/label>\n            <label><input type=\"checkbox\" name=\"extra_horses\" value=\"Requested\"> Extra pakpaarden<\/label>\n            <label><input type=\"checkbox\" name=\"extra_hotel\" value=\"Requested\"> Hotelupgrade<\/label>\n        <\/div>\n    <\/div>\n    <div class=\"form-group\">\n        <label>Bericht \/ Andere details?<\/label>\n        <textarea name=\"message\" rows=\"3\" placeholder=\"Vertel ons over uw conditie of speciale gelegenheden...\"><\/textarea>\n    <\/div>\n    <button type=\"submit\" class=\"submit-tailor\">Vraag Offerte Aan<\/button>\n    <div class=\"form-response\" style=\"display:none; margin-top:15px; padding:15px; border-radius:5px; text-align:center; font-weight:bold;\"><\/div>\n<input type=\"hidden\" name=\"trp-form-language\" value=\"nl\"\/><\/form>\n\n\n\n\n<style>\n    .tailor-made-form { background: #fff; padding: 25px; border: 1px solid #ddd; border-radius: 8px; font-family: sans-serif; }\n    .form-header h3 { color: #0073aa; margin-top: 0; }\n    .form-row { display: grid; grid-template-columns: 1fr 1fr; gap: 15px; }\n    .form-group { margin-bottom: 15px; display: flex; flex-direction: column; }\n    .form-group label { font-size: 13px; font-weight: bold; margin-bottom: 5px; color: #333; }\n    .form-group input, .form-group select, .form-group textarea { padding: 10px; border: 1px solid #ccc; border-radius: 4px; }\n    .checkbox-grid { display: grid; grid-template-columns: 1fr 1fr; gap: 10px; margin-top: 5px; }\n    .checkbox-grid label { font-weight: normal; font-size: 13px; display: flex; align-items: center; gap: 8px; cursor: pointer; color: #444; }\n    .submit-tailor { background: #0073aa; color: white; border: none; padding: 15px; border-radius: 5px; cursor: pointer; width: 100%; font-weight: bold; transition: 0.3s; margin-top: 10px; }\n    .submit-tailor:hover { background: #005a87; }\n    @media (max-width: 600px) { .form-row, .checkbox-grid { grid-template-columns: 1fr; } }\n<\/style>\n\n<script>\ndocument.querySelectorAll('.tailor-ajax-custom').forEach(form => {\n    form.addEventListener('submit', function(e) {\n        e.preventDefault();\n        const btn = this.querySelector('.submit-tailor');\n        const responseDiv = this.querySelector('.form-response');\n        const formData = new FormData(this);\n        formData.append('action', 'process_custom_form');\n        \n        btn.disabled = true;\n        const currentLang = document.documentElement.lang;\n        btn.innerText = currentLang.includes('es') ? 'Enviando...' : (currentLang.includes('fr') ? 'Envoi...' : 'Sending...');\n\n        fetch('\/wp-admin\/admin-ajax.php', {\n            method: 'POST',\n            body: formData\n        })\n        .then(res => res.json())\n        .then(data => {\n            responseDiv.style.display = 'block';\n            responseDiv.style.backgroundColor = '#e7f4e9';\n            responseDiv.style.color = '#1e7e34';\n            \n            let msg = 'Thank you! Your request has been sent.';\n            if(currentLang.includes('es')) msg = '\u00a1Gracias! Tu solicitud ha sido enviada.';\n            if(currentLang.includes('fr')) msg = 'Merci! Votre demande a \u00e9t\u00e9 envoy\u00e9e.';\n            if(currentLang.includes('pt')) msg = 'Obrigado! Seu pedido foi enviado.';\n            if(currentLang.includes('de')) msg = 'Danke! Ihre Anfrage wurde gesendet.';\n            if(currentLang.includes('nl')) msg = 'Bedankt! Uw aanvraag is verzonden.';\n            \n            responseDiv.innerText = msg;\n            btn.style.display = 'none';\n            this.reset();\n        })\n        .catch(() => {\n            responseDiv.style.display = 'block';\n            responseDiv.style.backgroundColor = '#f8d7da';\n            responseDiv.style.color = '#721c24';\n            responseDiv.innerText = 'Error.';\n            btn.disabled = false;\n            btn.innerText = 'Try Again';\n        });\n    });\n});\n<\/script>\t\t\t\t<\/div>\n\t\t\t\t<div class=\"elementor-element elementor-element-d287650 elementor-widget elementor-widget-spacer\" data-id=\"d287650\" data-element_type=\"widget\" data-e-type=\"widget\" data-widget_type=\"spacer.default\">\n\t\t\t\t\t\t\t<div class=\"elementor-spacer\">\n\t\t\t<div class=\"elementor-spacer-inner\"><\/div>\n\t\t<\/div>\n\t\t\t\t\t\t<\/div>\n\t\t\t\t<\/div>\n\t\t\t\t<\/div>","protected":false},"excerpt":{"rendered":"<p>PRIV\u00c9 TREKKING NAAR SALKANTAY<\/p>","protected":false},"author":1,"featured_media":0,"parent":1744,"menu_order":0,"comment_status":"closed","ping_status":"closed","template":"elementor_header_footer","meta":{"footnotes":""},"class_list":["post-1930","page","type-page","status-publish","hentry"],"_links":{"self":[{"href":"https:\/\/salkantay-trail.com\/nl\/wp-json\/wp\/v2\/pages\/1930","targetHints":{"allow":["GET"]}}],"collection":[{"href":"https:\/\/salkantay-trail.com\/nl\/wp-json\/wp\/v2\/pages"}],"about":[{"href":"https:\/\/salkantay-trail.com\/nl\/wp-json\/wp\/v2\/types\/page"}],"author":[{"embeddable":true,"href":"https:\/\/salkantay-trail.com\/nl\/wp-json\/wp\/v2\/users\/1"}],"replies":[{"embeddable":true,"href":"https:\/\/salkantay-trail.com\/nl\/wp-json\/wp\/v2\/comments?post=1930"}],"version-history":[{"count":31,"href":"https:\/\/salkantay-trail.com\/nl\/wp-json\/wp\/v2\/pages\/1930\/revisions"}],"predecessor-version":[{"id":3045,"href":"https:\/\/salkantay-trail.com\/nl\/wp-json\/wp\/v2\/pages\/1930\/revisions\/3045"}],"up":[{"embeddable":true,"href":"https:\/\/salkantay-trail.com\/nl\/wp-json\/wp\/v2\/pages\/1744"}],"wp:attachment":[{"href":"https:\/\/salkantay-trail.com\/nl\/wp-json\/wp\/v2\/media?parent=1930"}],"curies":[{"name":"wp","href":"https:\/\/api.w.org\/{rel}","templated":true}]}}