{"id":1744,"date":"2026-03-31T13:44:03","date_gmt":"2026-03-31T13:44:03","guid":{"rendered":"https:\/\/salkantay-trail.com\/?page_id=1744"},"modified":"2026-04-02T14:57:04","modified_gmt":"2026-04-02T14:57:04","slug":"salkantay-treks","status":"publish","type":"page","link":"https:\/\/salkantay-trail.com\/pt\/salkantay-treks\/","title":{"rendered":"Salkantay Treks"},"content":{"rendered":"<div data-elementor-type=\"wp-page\" data-elementor-id=\"1744\" class=\"elementor elementor-1744\" data-elementor-post-type=\"page\">\n\t\t\t\t<div class=\"elementor-element elementor-element-c76a959 e-con-full e-flex e-con e-parent\" data-id=\"c76a959\" data-element_type=\"container\" data-e-type=\"container\" data-settings=\"{&quot;background_background&quot;:&quot;classic&quot;}\">\n\t\t\t\t<div class=\"elementor-element elementor-element-3ec85ac elementor--h-position-center elementor--v-position-middle elementor-arrows-position-inside elementor-pagination-position-inside elementor-widget elementor-widget-slides\" data-id=\"3ec85ac\" data-element_type=\"widget\" data-e-type=\"widget\" data-settings=\"{&quot;navigation&quot;:&quot;both&quot;,&quot;autoplay&quot;:&quot;yes&quot;,&quot;pause_on_hover&quot;:&quot;yes&quot;,&quot;pause_on_interaction&quot;:&quot;yes&quot;,&quot;autoplay_speed&quot;:5000,&quot;infinite&quot;:&quot;yes&quot;,&quot;transition&quot;:&quot;slide&quot;,&quot;transition_speed&quot;:500}\" data-widget_type=\"slides.default\">\n\t\t\t\t\t\t\t\t\t\t<div class=\"elementor-slides-wrapper elementor-main-swiper swiper\" role=\"region\" aria-roledescription=\"carousel\" aria-label=\"Slides\" dir=\"ltr\" data-animation=\"fadeInUp\">\n\t\t\t\t<div class=\"swiper-wrapper elementor-slides\">\n\t\t\t\t\t\t\t\t\t\t<div class=\"elementor-repeater-item-ea447dc swiper-slide\" role=\"group\" aria-roledescription=\"slide\"><div class=\"swiper-slide-bg\" role=\"img\" aria-label=\"salkantaytrek 001\"><\/div><div class=\"elementor-background-overlay\"><\/div><div class=\"swiper-slide-inner\" ><div class=\"swiper-slide-contents\"><\/div><\/div><\/div><div class=\"elementor-repeater-item-2d20aa0 swiper-slide\" role=\"group\" aria-roledescription=\"slide\"><div class=\"swiper-slide-bg\" role=\"img\" aria-label=\"salkantaytrek humantay 002\"><\/div><div class=\"elementor-background-overlay\"><\/div><div class=\"swiper-slide-inner\" ><div class=\"swiper-slide-contents\"><\/div><\/div><\/div><div class=\"elementor-repeater-item-3dd2a22 swiper-slide\" role=\"group\" aria-roledescription=\"slide\"><div class=\"swiper-slide-bg\" role=\"img\" aria-label=\"salkantaytrek machupicchu 005\"><\/div><div class=\"elementor-background-overlay\"><\/div><div class=\"swiper-slide-inner\" ><div class=\"swiper-slide-contents\"><\/div><\/div><\/div>\t\t\t\t<\/div>\n\t\t\t\t\t\t\t\t\t\t\t\t\t\t\t<div class=\"elementor-swiper-button elementor-swiper-button-prev\" role=\"button\" tabindex=\"0\" aria-label=\"Vorherige Folie\" data-no-translation-aria-label=\"\">\n\t\t\t\t\t\t\t<svg aria-hidden=\"true\" class=\"e-font-icon-svg e-eicon-chevron-left\" viewbox=\"0 0 1000 1000\" xmlns=\"http:\/\/www.w3.org\/2000\/svg\"><path d=\"M646 125C629 125 613 133 604 142L308 442C296 454 292 471 292 487 292 504 296 521 308 533L604 854C617 867 629 875 646 875 663 875 679 871 692 858 704 846 713 829 713 812 713 796 708 779 692 767L438 487 692 225C700 217 708 204 708 187 708 171 704 154 692 142 675 129 663 125 646 125Z\"><\/path><\/svg>\t\t\t\t\t\t<\/div>\n\t\t\t\t\t\t<div class=\"elementor-swiper-button elementor-swiper-button-next\" role=\"button\" tabindex=\"0\" aria-label=\"N\u00e4chste Folie\" data-no-translation-aria-label=\"\">\n\t\t\t\t\t\t\t<svg aria-hidden=\"true\" class=\"e-font-icon-svg e-eicon-chevron-right\" viewbox=\"0 0 1000 1000\" xmlns=\"http:\/\/www.w3.org\/2000\/svg\"><path d=\"M696 533C708 521 713 504 713 487 713 471 708 454 696 446L400 146C388 133 375 125 354 125 338 125 325 129 313 142 300 154 292 171 292 187 292 204 296 221 308 233L563 492 304 771C292 783 288 800 288 817 288 833 296 850 308 863 321 871 338 875 354 875 371 875 388 867 400 854L696 533Z\"><\/path><\/svg>\t\t\t\t\t\t<\/div>\n\t\t\t\t\t\t\t\t\t\t\t\t\t\t\t\t<div class=\"swiper-pagination\"><\/div>\n\t\t\t\t\t\t\t\t\t\t\t\t<\/div>\n\t\t\t\t\t\t\t\t<\/div>\n\t\t\t\t<div class=\"elementor-element elementor-element-c4138c0 elementor-widget elementor-widget-heading\" data-id=\"c4138c0\" data-element_type=\"widget\" data-e-type=\"widget\" data-widget_type=\"heading.default\">\n\t\t\t\t\t<h2 class=\"elementor-heading-title elementor-size-default\">TRILHAS DE SALKANTAY<\/h2>\t\t\t\t<\/div>\n\t\t\t\t<\/div>\n\t\t<div class=\"elementor-element elementor-element-04cab8f e-con-full e-flex e-con e-parent\" data-id=\"04cab8f\" data-element_type=\"container\" data-e-type=\"container\" data-settings=\"{&quot;background_background&quot;:&quot;classic&quot;}\">\n\t\t<div class=\"elementor-element elementor-element-2db0949 e-con-full e-flex e-con e-child\" data-id=\"2db0949\" data-element_type=\"container\" data-e-type=\"container\" data-settings=\"{&quot;background_background&quot;:&quot;classic&quot;}\">\n\t\t\t\t<div class=\"elementor-element elementor-element-d0bf6cb elementor-widget elementor-widget-heading\" data-id=\"d0bf6cb\" data-element_type=\"widget\" data-e-type=\"widget\" data-widget_type=\"heading.default\">\n\t\t\t\t\t<h2 class=\"elementor-heading-title elementor-size-default\">Escolha a sua aventura<\/h2>\t\t\t\t<\/div>\n\t\t\t\t<\/div>\n\t\t\t\t<\/div>\n\t\t<div class=\"elementor-element elementor-element-b0c5da0 e-con-full e-flex e-con e-parent\" data-id=\"b0c5da0\" data-element_type=\"container\" data-e-type=\"container\" data-settings=\"{&quot;background_background&quot;:&quot;classic&quot;}\">\n\t\t<a class=\"elementor-element elementor-element-a623871 e-con-full e-flex elementor-invisible e-con e-child\" data-id=\"a623871\" data-element_type=\"container\" data-e-type=\"container\" data-settings=\"{&quot;animation&quot;:&quot;fadeInLeft&quot;}\" href=\"https:\/\/salkantay-trail.com\/pt\/salkantay-treks\/classic-salkantay-trek-5-days\/\">\n\t\t\t\t<div class=\"elementor-element elementor-element-1ef16d1 elementor-widget elementor-widget-image\" data-id=\"1ef16d1\" data-element_type=\"widget\" data-e-type=\"widget\" data-widget_type=\"image.default\">\n\t\t\t\t\t\t\t\t\t\t\t\t\t\t\t<img fetchpriority=\"high\" decoding=\"async\" width=\"2376\" height=\"1584\" src=\"https:\/\/salkantay-trail.com\/wp-content\/uploads\/2026\/03\/bannersalnantay02.jpg\" class=\"elementor-animation-grow attachment-full size-full wp-image-467\" alt=\"bannersalnantay02\" srcset=\"https:\/\/salkantay-trail.com\/wp-content\/uploads\/2026\/03\/bannersalnantay02.jpg 2376w, https:\/\/salkantay-trail.com\/wp-content\/uploads\/2026\/03\/bannersalnantay02-300x200.jpg 300w, https:\/\/salkantay-trail.com\/wp-content\/uploads\/2026\/03\/bannersalnantay02-1024x683.jpg 1024w, https:\/\/salkantay-trail.com\/wp-content\/uploads\/2026\/03\/bannersalnantay02-768x512.jpg 768w, https:\/\/salkantay-trail.com\/wp-content\/uploads\/2026\/03\/bannersalnantay02-1536x1024.jpg 1536w, https:\/\/salkantay-trail.com\/wp-content\/uploads\/2026\/03\/bannersalnantay02-2048x1365.jpg 2048w, https:\/\/salkantay-trail.com\/wp-content\/uploads\/2026\/03\/bannersalnantay02-18x12.jpg 18w\" sizes=\"(max-width: 2376px) 100vw, 2376px\" \/>\t\t\t\t\t\t\t\t\t\t\t\t\t\t\t<\/div>\n\t\t\t\t<div class=\"elementor-element elementor-element-2e52a54 elementor-widget elementor-widget-text-editor\" data-id=\"2e52a54\" data-element_type=\"widget\" data-e-type=\"widget\" data-widget_type=\"text-editor.default\">\n\t\t\t\t\t\t\t\t\t<p><span style=\"color: #00ccff;\"><strong>Trilha cl\u00e1ssica de Salkantay<\/strong><\/span><\/p><p>5 dias \/ 4 noites<\/p>\t\t\t\t\t\t\t\t<\/div>\n\t\t\t\t<div class=\"elementor-element elementor-element-a5dcd34 elementor-widget elementor-widget-text-editor\" data-id=\"a5dcd34\" data-element_type=\"widget\" data-e-type=\"widget\" data-widget_type=\"text-editor.default\">\n\t\t\t\t\t\t\t\t\t<p>Acampar: a experi\u00eancia completa. Atravesse a famosa <strong>Passo de Salkantay<\/strong>, des\u00e7a pela selva subtropical e termine no Port\u00e3o do Sol, com vista para baixo. <strong>Machu Picchu<\/strong>. Este \u00e9 o livro que as pessoas comentam com entusiasmo.<\/p>\t\t\t\t\t\t\t\t<\/div>\n\t\t\t\t<div class=\"elementor-element elementor-element-12c48c4 elementor-widget elementor-widget-text-editor\" data-id=\"12c48c4\" data-element_type=\"widget\" data-e-type=\"widget\" data-widget_type=\"text-editor.default\">\n\t\t\t\t\t\t\t\t\t<p><em><span style=\"color: #00ccff;\"><strong>Dificuldade:<\/strong><\/span> Desafiante<\/em><\/p><p><em><span style=\"color: #00ccff;\"><strong>Tamanho do grupo:<\/strong> <\/span>2\u201312<\/em><\/p>\t\t\t\t\t\t\t\t<\/div>\n\t\t\t\t<\/a>\n\t\t<a class=\"elementor-element elementor-element-1006e2a e-con-full e-flex elementor-invisible e-con e-child\" data-id=\"1006e2a\" data-element_type=\"container\" data-e-type=\"container\" data-settings=\"{&quot;animation&quot;:&quot;fadeInUp&quot;}\" href=\"https:\/\/salkantay-trail.com\/pt\/salkantay-treks\/salkantay-trek-express-4-days\/\">\n\t\t\t\t<div class=\"elementor-element elementor-element-1917f16 elementor-widget elementor-widget-image\" data-id=\"1917f16\" data-element_type=\"widget\" data-e-type=\"widget\" data-widget_type=\"image.default\">\n\t\t\t\t\t\t\t\t\t\t\t\t\t\t\t<img decoding=\"async\" width=\"2376\" height=\"1584\" src=\"https:\/\/salkantay-trail.com\/wp-content\/uploads\/2026\/03\/bannersalnantay01.jpg\" class=\"elementor-animation-grow attachment-full size-full wp-image-460\" alt=\"bannersalnantay01\" srcset=\"https:\/\/salkantay-trail.com\/wp-content\/uploads\/2026\/03\/bannersalnantay01.jpg 2376w, https:\/\/salkantay-trail.com\/wp-content\/uploads\/2026\/03\/bannersalnantay01-300x200.jpg 300w, https:\/\/salkantay-trail.com\/wp-content\/uploads\/2026\/03\/bannersalnantay01-1024x683.jpg 1024w, https:\/\/salkantay-trail.com\/wp-content\/uploads\/2026\/03\/bannersalnantay01-768x512.jpg 768w, https:\/\/salkantay-trail.com\/wp-content\/uploads\/2026\/03\/bannersalnantay01-1536x1024.jpg 1536w, https:\/\/salkantay-trail.com\/wp-content\/uploads\/2026\/03\/bannersalnantay01-2048x1365.jpg 2048w, https:\/\/salkantay-trail.com\/wp-content\/uploads\/2026\/03\/bannersalnantay01-18x12.jpg 18w\" sizes=\"(max-width: 2376px) 100vw, 2376px\" \/>\t\t\t\t\t\t\t\t\t\t\t\t\t\t\t<\/div>\n\t\t\t\t<div class=\"elementor-element elementor-element-35f6fa1 elementor-widget elementor-widget-text-editor\" data-id=\"35f6fa1\" data-element_type=\"widget\" data-e-type=\"widget\" data-widget_type=\"text-editor.default\">\n\t\t\t\t\t\t\t\t\t<p><span style=\"color: #00ccff;\"><strong>Expresso Salkantay<\/strong><\/span><\/p><p>4 dias \/ 3 noites<\/p>\t\t\t\t\t\t\t\t<\/div>\n\t\t\t\t<div class=\"elementor-element elementor-element-d584501 elementor-widget elementor-widget-text-editor\" data-id=\"d584501\" data-element_type=\"widget\" data-e-type=\"widget\" data-widget_type=\"text-editor.default\">\n\t\t\t\t\t\t\t\t\t<p><strong>Acampando na mesma montanha<\/strong>, Cronograma mais apertado. Ideal para viajantes que n\u00e3o t\u00eam uma semana dispon\u00edvel, mas n\u00e3o abrem m\u00e3o da melhor trilha dos Andes.<\/p>\t\t\t\t\t\t\t\t<\/div>\n\t\t\t\t<div class=\"elementor-element elementor-element-ced7842 elementor-widget elementor-widget-text-editor\" data-id=\"ced7842\" data-element_type=\"widget\" data-e-type=\"widget\" data-widget_type=\"text-editor.default\">\n\t\t\t\t\t\t\t\t\t<p><em><span style=\"color: #00ccff;\"><strong>Dificuldade:<\/strong> <\/span>Desafiante<\/em><\/p><p><em><span style=\"color: #00ccff;\"><strong>Tamanho do grupo:<\/strong><\/span> 2\u201312<\/em><\/p>\t\t\t\t\t\t\t\t<\/div>\n\t\t\t\t<\/a>\n\t\t<a class=\"elementor-element elementor-element-f338175 e-con-full e-flex elementor-invisible e-con e-child\" data-id=\"f338175\" data-element_type=\"container\" data-e-type=\"container\" data-settings=\"{&quot;animation&quot;:&quot;fadeInRight&quot;}\" href=\"https:\/\/salkantay-trail.com\/pt\/salkantay-treks\/luxury-salkantay-trek-5-days\/\">\n\t\t\t\t<div class=\"elementor-element elementor-element-3660b96 elementor-widget elementor-widget-image\" data-id=\"3660b96\" data-element_type=\"widget\" data-e-type=\"widget\" data-widget_type=\"image.default\">\n\t\t\t\t\t\t\t\t\t\t\t\t\t\t\t<img decoding=\"async\" width=\"2376\" height=\"1584\" src=\"https:\/\/salkantay-trail.com\/wp-content\/uploads\/2026\/03\/salkantayyy.jpg\" class=\"elementor-animation-grow attachment-full size-full wp-image-788\" alt=\"salkantayyy\" srcset=\"https:\/\/salkantay-trail.com\/wp-content\/uploads\/2026\/03\/salkantayyy.jpg 2376w, https:\/\/salkantay-trail.com\/wp-content\/uploads\/2026\/03\/salkantayyy-300x200.jpg 300w, https:\/\/salkantay-trail.com\/wp-content\/uploads\/2026\/03\/salkantayyy-1024x683.jpg 1024w, https:\/\/salkantay-trail.com\/wp-content\/uploads\/2026\/03\/salkantayyy-768x512.jpg 768w, https:\/\/salkantay-trail.com\/wp-content\/uploads\/2026\/03\/salkantayyy-1536x1024.jpg 1536w, https:\/\/salkantay-trail.com\/wp-content\/uploads\/2026\/03\/salkantayyy-2048x1365.jpg 2048w, https:\/\/salkantay-trail.com\/wp-content\/uploads\/2026\/03\/salkantayyy-18x12.jpg 18w\" sizes=\"(max-width: 2376px) 100vw, 2376px\" \/>\t\t\t\t\t\t\t\t\t\t\t\t\t\t\t<\/div>\n\t\t\t\t<div class=\"elementor-element elementor-element-fb95e08 elementor-widget elementor-widget-text-editor\" data-id=\"fb95e08\" data-element_type=\"widget\" data-e-type=\"widget\" data-widget_type=\"text-editor.default\">\n\t\t\t\t\t\t\t\t\t<p><span style=\"color: #00ccff;\"><strong>Trekking de luxo em Salkantay<\/strong><\/span><\/p><p>5 dias \/ 4 noites<\/p>\t\t\t\t\t\t\t\t<\/div>\n\t\t\t\t<div class=\"elementor-element elementor-element-01f9858 elementor-widget elementor-widget-text-editor\" data-id=\"01f9858\" data-element_type=\"widget\" data-e-type=\"widget\" data-widget_type=\"text-editor.default\">\n\t\t\t\t\t\t\t\t\t<p>Camas de verdade, de Lodge a Lodge. <strong>Chuveiros quentes<\/strong>. Um copo de vinho com vista para as montanhas. Toda a beleza natural da rota Salkantay, sem a necessidade de montar barraca.<\/p>\t\t\t\t\t\t\t\t<\/div>\n\t\t\t\t<div class=\"elementor-element elementor-element-c5f481b elementor-widget elementor-widget-text-editor\" data-id=\"c5f481b\" data-element_type=\"widget\" data-e-type=\"widget\" data-widget_type=\"text-editor.default\">\n\t\t\t\t\t\t\t\t\t<p><em><span style=\"color: #00ccff;\"><strong>Dificuldade:<\/strong><\/span> Moderado a Desafiador<\/em><\/p><p><em><span style=\"color: #00ccff;\"><strong>Tamanho do grupo:<\/strong> <\/span>2\u20138<\/em><\/p>\t\t\t\t\t\t\t\t<\/div>\n\t\t\t\t<\/a>\n\t\t<a class=\"elementor-element elementor-element-7a3118a e-con-full e-flex elementor-invisible e-con e-child\" data-id=\"7a3118a\" data-element_type=\"container\" data-e-type=\"container\" data-settings=\"{&quot;animation&quot;:&quot;fadeInLeft&quot;}\" href=\"#\">\n\t\t\t\t<div class=\"elementor-element elementor-element-174d895 elementor-widget elementor-widget-image\" data-id=\"174d895\" data-element_type=\"widget\" data-e-type=\"widget\" data-widget_type=\"image.default\">\n\t\t\t\t\t\t\t\t\t\t\t\t\t\t\t<img loading=\"lazy\" decoding=\"async\" width=\"2376\" height=\"1584\" src=\"https:\/\/salkantay-trail.com\/wp-content\/uploads\/2026\/03\/salkantayyy01.jpg\" class=\"elementor-animation-grow attachment-full size-full wp-image-789\" alt=\"salkantayyy01\" srcset=\"https:\/\/salkantay-trail.com\/wp-content\/uploads\/2026\/03\/salkantayyy01.jpg 2376w, https:\/\/salkantay-trail.com\/wp-content\/uploads\/2026\/03\/salkantayyy01-300x200.jpg 300w, https:\/\/salkantay-trail.com\/wp-content\/uploads\/2026\/03\/salkantayyy01-1024x683.jpg 1024w, https:\/\/salkantay-trail.com\/wp-content\/uploads\/2026\/03\/salkantayyy01-768x512.jpg 768w, https:\/\/salkantay-trail.com\/wp-content\/uploads\/2026\/03\/salkantayyy01-1536x1024.jpg 1536w, https:\/\/salkantay-trail.com\/wp-content\/uploads\/2026\/03\/salkantayyy01-2048x1365.jpg 2048w, https:\/\/salkantay-trail.com\/wp-content\/uploads\/2026\/03\/salkantayyy01-18x12.jpg 18w\" sizes=\"(max-width: 2376px) 100vw, 2376px\" \/>\t\t\t\t\t\t\t\t\t\t\t\t\t\t\t<\/div>\n\t\t\t\t<div class=\"elementor-element elementor-element-7021767 elementor-widget elementor-widget-text-editor\" data-id=\"7021767\" data-element_type=\"widget\" data-e-type=\"widget\" data-widget_type=\"text-editor.default\">\n\t\t\t\t\t\t\t\t\t<p><span style=\"color: #00ccff;\"><strong>Trilha Salkantay Privada<\/strong><\/span><\/p><p>Datas flex\u00edveis<\/p>\t\t\t\t\t\t\t\t<\/div>\n\t\t\t\t<div class=\"elementor-element elementor-element-134572b elementor-widget elementor-widget-text-editor\" data-id=\"134572b\" data-element_type=\"widget\" data-e-type=\"widget\" data-widget_type=\"text-editor.default\">\n\t\t\t\t\t\t\t\t\t<p><strong>Totalmente personaliz\u00e1vel<\/strong> Seu grupo, seu ritmo, seu itiner\u00e1rio. Ideal para fam\u00edlias, casais ou qualquer pessoa que queira fazer o percurso sem a din\u00e2mica de um grupo.<\/p>\t\t\t\t\t\t\t\t<\/div>\n\t\t\t\t<div class=\"elementor-element elementor-element-67be885 elementor-widget elementor-widget-text-editor\" data-id=\"67be885\" data-element_type=\"widget\" data-e-type=\"widget\" data-widget_type=\"text-editor.default\">\n\t\t\t\t\t\t\t\t\t<p><em><span style=\"color: #00ccff;\"><strong>Dificuldade:<\/strong><\/span> Flex\u00edvel<\/em><\/p><p><em><span style=\"color: #00ccff;\"><strong>Tamanho do grupo:<\/strong> <\/span>2+<\/em><\/p>\t\t\t\t\t\t\t\t<\/div>\n\t\t\t\t<\/a>\n\t\t<a class=\"elementor-element elementor-element-363f6d0 e-con-full e-flex elementor-invisible e-con e-child\" data-id=\"363f6d0\" data-element_type=\"container\" data-e-type=\"container\" data-settings=\"{&quot;animation&quot;:&quot;fadeInRight&quot;}\" href=\"https:\/\/salkantay-trail.com\/pt\/salkantay-treks\/salkantay-choquequirao-trek-10-days\/\">\n\t\t\t\t<div class=\"elementor-element elementor-element-bf817c0 elementor-widget elementor-widget-image\" data-id=\"bf817c0\" data-element_type=\"widget\" data-e-type=\"widget\" data-widget_type=\"image.default\">\n\t\t\t\t\t\t\t\t\t\t\t\t\t\t\t<img loading=\"lazy\" decoding=\"async\" width=\"2376\" height=\"1584\" src=\"https:\/\/salkantay-trail.com\/wp-content\/uploads\/2026\/03\/salkantayyy021.jpg\" class=\"elementor-animation-grow attachment-full size-full wp-image-790\" alt=\"salkantayyy021\" srcset=\"https:\/\/salkantay-trail.com\/wp-content\/uploads\/2026\/03\/salkantayyy021.jpg 2376w, https:\/\/salkantay-trail.com\/wp-content\/uploads\/2026\/03\/salkantayyy021-300x200.jpg 300w, https:\/\/salkantay-trail.com\/wp-content\/uploads\/2026\/03\/salkantayyy021-1024x683.jpg 1024w, https:\/\/salkantay-trail.com\/wp-content\/uploads\/2026\/03\/salkantayyy021-768x512.jpg 768w, https:\/\/salkantay-trail.com\/wp-content\/uploads\/2026\/03\/salkantayyy021-1536x1024.jpg 1536w, https:\/\/salkantay-trail.com\/wp-content\/uploads\/2026\/03\/salkantayyy021-2048x1365.jpg 2048w, https:\/\/salkantay-trail.com\/wp-content\/uploads\/2026\/03\/salkantayyy021-18x12.jpg 18w\" sizes=\"(max-width: 2376px) 100vw, 2376px\" \/>\t\t\t\t\t\t\t\t\t\t\t\t\t\t\t<\/div>\n\t\t\t\t<div class=\"elementor-element elementor-element-03b7b80 elementor-widget elementor-widget-text-editor\" data-id=\"03b7b80\" data-element_type=\"widget\" data-e-type=\"widget\" data-widget_type=\"text-editor.default\">\n\t\t\t\t\t\t\t\t\t<p><span style=\"color: #00ccff;\"><strong>Salkantay + Choquequirao<\/strong><\/span><\/p><p>9 dias \/ 8 noites<\/p>\t\t\t\t\t\t\t\t<\/div>\n\t\t\t\t<div class=\"elementor-element elementor-element-4e4c7e9 elementor-widget elementor-widget-text-editor\" data-id=\"4e4c7e9\" data-element_type=\"widget\" data-e-type=\"widget\" data-widget_type=\"text-editor.default\">\n\t\t\t\t\t\t\t\t\t<p>Rota Combinada: Duas das trilhas mais espetaculares do Peru, uma ap\u00f3s a outra. Choquequirao \u00e9 frequentemente chamada de \u201c<strong>a outra Machu Picchu<\/strong>\u201d\u2014 s\u00f3 que sem as multid\u00f5es. Este percurso n\u00e3o \u00e9 para todos. \u00c9 para quem quer mais.<\/p>\t\t\t\t\t\t\t\t<\/div>\n\t\t\t\t<div class=\"elementor-element elementor-element-3e53eb0 elementor-widget elementor-widget-text-editor\" data-id=\"3e53eb0\" data-element_type=\"widget\" data-e-type=\"widget\" data-widget_type=\"text-editor.default\">\n\t\t\t\t\t\t\t\t\t<p><span style=\"color: #00ccff;\"><strong><em>Dificuldade: <\/em><\/strong><\/span><em>Muito desafiador<\/em><\/p><p><span style=\"color: #00ccff;\"><strong><em>Tamanho do grupo: <\/em><\/strong><\/span><em>2\u201310<\/em><\/p>\t\t\t\t\t\t\t\t<\/div>\n\t\t\t\t<\/a>\n\t\t\t\t<\/div>\n\t\t<div class=\"elementor-element elementor-element-48d38de e-con-full e-flex e-con e-parent\" data-id=\"48d38de\" data-element_type=\"container\" data-e-type=\"container\" data-settings=\"{&quot;background_background&quot;:&quot;classic&quot;}\">\n\t\t\t\t<div class=\"elementor-element elementor-element-d287650 elementor-widget elementor-widget-spacer\" data-id=\"d287650\" data-element_type=\"widget\" data-e-type=\"widget\" data-widget_type=\"spacer.default\">\n\t\t\t\t\t\t\t<div class=\"elementor-spacer\">\n\t\t\t<div class=\"elementor-spacer-inner\"><\/div>\n\t\t<\/div>\n\t\t\t\t\t\t<\/div>\n\t\t\t\t<\/div>\n\t\t\t\t<\/div>","protected":false},"excerpt":{"rendered":"<p>SALKANTAY TREKS Choose Your Adventure Classic Salkantay Trek 5 Days \/ 4 Nights Camping The full experience. Cross the famous Salkantay Pass, descend through subtropical jungle, and finish at the Sun Gate looking down at Machu Picchu. This is the one people write home about. Difficulty: Challenging Group size: 2\u201312 Salkantay Express 4 Days \/ [&hellip;]<\/p>\n","protected":false},"author":1,"featured_media":0,"parent":0,"menu_order":0,"comment_status":"closed","ping_status":"closed","template":"elementor_header_footer","meta":{"footnotes":""},"class_list":["post-1744","page","type-page","status-publish","hentry"],"_links":{"self":[{"href":"https:\/\/salkantay-trail.com\/pt\/wp-json\/wp\/v2\/pages\/1744","targetHints":{"allow":["GET"]}}],"collection":[{"href":"https:\/\/salkantay-trail.com\/pt\/wp-json\/wp\/v2\/pages"}],"about":[{"href":"https:\/\/salkantay-trail.com\/pt\/wp-json\/wp\/v2\/types\/page"}],"author":[{"embeddable":true,"href":"https:\/\/salkantay-trail.com\/pt\/wp-json\/wp\/v2\/users\/1"}],"replies":[{"embeddable":true,"href":"https:\/\/salkantay-trail.com\/pt\/wp-json\/wp\/v2\/comments?post=1744"}],"version-history":[{"count":27,"href":"https:\/\/salkantay-trail.com\/pt\/wp-json\/wp\/v2\/pages\/1744\/revisions"}],"predecessor-version":[{"id":3039,"href":"https:\/\/salkantay-trail.com\/pt\/wp-json\/wp\/v2\/pages\/1744\/revisions\/3039"}],"wp:attachment":[{"href":"https:\/\/salkantay-trail.com\/pt\/wp-json\/wp\/v2\/media?parent=1744"}],"curies":[{"name":"wp","href":"https:\/\/api.w.org\/{rel}","templated":true}]}}